{"id":16,"date":"2022-02-19T20:41:21","date_gmt":"2022-02-19T20:41:21","guid":{"rendered":"https:\/\/gpsites.co\/scribe\/?page_id=16"},"modified":"2023-05-31T16:54:33","modified_gmt":"2023-05-31T16:54:33","slug":"sobre","status":"publish","type":"page","link":"https:\/\/grupos.alacip.org\/legislativosen\/sobre\/","title":{"rendered":"Sobre"},"content":{"rendered":"\n<p>El Grupo de Estudios legislativos (GEL) de la Asociaci\u00f3n Latinoamericana\u00a0de Ciencia Pol\u00edtica (ALACIP) consiste en una red de cientistas pol\u00edticos que trabajan sobre las legislaturas de Am\u00e9rica Latina. Creado en 2008, constituye el primer esfuerzo sistem\u00e1tico para reunir a estos colegas en una red\u00a0internacional de car\u00e1cter permanente. <\/p>\n\n\n\n<p>El progreso de los estudios legislativos en la regi\u00f3n llevo a los especialistas a intercambiar experiencias, compartir dudas y resultados de investigaci\u00f3n, pero hasta la creaci\u00f3n del GEL en 2008 ning\u00fan esfuerzo sistem\u00e1tico se hab\u00eda emprendido para reunir a estos colegas en una red internacional de car\u00e1cter permanente. El GEL vino a ocupar este espacio y, desde entonces, ha logrado construir una lista (siempre creciente) de miembros, compartir informaci\u00f3n sobre proyectos relevantes de\u00a0inter\u00e9s mutuo, organizar secciones y paneles en conferencias y, finalmente, organizar el Primer Encuentro Internacional del grupo, que tuvo lugar en Belo Horizonte en octubre de 2011.<\/p>\n\n\n\n<p><strong>OBJETIVO<\/strong><br>El GEL tiene como prop\u00f3sito dar impulso a proyectos de cooperaci\u00f3n, promover la investigaci\u00f3n, formar e integrar a investigadores j\u00f3venes, difundir los resultados de investigaciones emp\u00edricas sobre legislaturas nacionales y subnacionales y, en consecuencia, contribuir a la elaboraci\u00f3n de teor\u00edas en la ciencia pol\u00edtica.<\/p>\n\n\n\n<p><strong>TEMAS DE INTER\u00c9S<\/strong><\/p>\n\n\n\n<p><\/p>\n\n\n\n<ul class=\"wp-block-list\">\n<li>Promover la investigaci\u00f3n comparada y la construcci\u00f3n de teor\u00edas sobre el poder legislativo en la regi\u00f3n latinoamericana, sus funciones, funcionamiento y grado de institucionalizaci\u00f3n.<\/li>\n\n\n\n<li>Dar impulso a la formaci\u00f3n de una red de especialistas (senior y junior) que trabajen sobre legislativos de Am\u00e9rica Latina y servir como plataforma para la consolidaci\u00f3n de tal red.<\/li>\n\n\n\n<li>Incentivar el intercambio acad\u00e9mico a trav\u00e9s de la difusi\u00f3n de las investigaciones sobre el tema y de informaci\u00f3n y bases de datos sobre los diversos pa\u00edses de la regi\u00f3n.<\/li>\n\n\n\n<li>Fortalecer la presencia de los estudios legislativos en los congresos de ALACIP.<\/li>\n<\/ul>\n\n\n\n<p><strong>ACTIVIDADES<\/strong><\/p>\n\n\n\n<p><\/p>\n\n\n\n<p><strong>QUIENES PUEDEN PARTICIPAR<br><\/strong><\/p>\n","protected":false},"excerpt":{"rendered":"<p>El Grupo de Estudios legislativos (GEL) de la Asociaci\u00f3n Latinoamericana\u00a0de Ciencia Pol\u00edtica (ALACIP) consiste en una red de cientistas pol\u00edticos que trabajan sobre las legislaturas de Am\u00e9rica Latina. Creado en 2008, constituye el primer esfuerzo sistem\u00e1tico para reunir a estos colegas en una red\u00a0internacional de car\u00e1cter permanente. El progreso de los estudios legislativos en la [&hellip;]<\/p>\n","protected":false},"author":1,"featured_media":0,"parent":0,"menu_order":0,"comment_status":"closed","ping_status":"closed","template":"","meta":{"_et_pb_use_builder":"","_et_pb_old_content":"","_et_gb_content_width":"","footnotes":""},"class_list":["post-16","page","type-page","status-publish","hentry"],"_links":{"self":[{"href":"https:\/\/grupos.alacip.org\/legislativosen\/wp-json\/wp\/v2\/pages\/16","targetHints":{"allow":["GET"]}}],"collection":[{"href":"https:\/\/grupos.alacip.org\/legislativosen\/wp-json\/wp\/v2\/pages"}],"about":[{"href":"https:\/\/grupos.alacip.org\/legislativosen\/wp-json\/wp\/v2\/types\/page"}],"author":[{"embeddable":true,"href":"https:\/\/grupos.alacip.org\/legislativosen\/wp-json\/wp\/v2\/users\/1"}],"replies":[{"embeddable":true,"href":"https:\/\/grupos.alacip.org\/legislativosen\/wp-json\/wp\/v2\/comments?post=16"}],"version-history":[{"count":3,"href":"https:\/\/grupos.alacip.org\/legislativosen\/wp-json\/wp\/v2\/pages\/16\/revisions"}],"predecessor-version":[{"id":1282,"href":"https:\/\/grupos.alacip.org\/legislativosen\/wp-json\/wp\/v2\/pages\/16\/revisions\/1282"}],"wp:attachment":[{"href":"https:\/\/grupos.alacip.org\/legislativosen\/wp-json\/wp\/v2\/media?parent=16"}],"curies":[{"name":"wp","href":"https:\/\/api.w.org\/{rel}","templated":true}]}}