{"id":705,"date":"2022-02-20T00:15:15","date_gmt":"2022-02-20T00:15:15","guid":{"rendered":"https:\/\/gpsites.co\/scribe\/?page_id=124"},"modified":"2023-04-25T03:48:24","modified_gmt":"2023-04-25T03:48:24","slug":"contact","status":"publish","type":"page","link":"https:\/\/grupos.alacip.org\/laticom\/contact\/","title":{"rendered":"Contacto"},"content":{"rendered":"\n<p><strong>Contacto del Grupo: <a href=\"mailto:Laticom.alacip@gmail.com\">Laticom.alacip@gmail.com<\/a><\/strong><\/p>\n\n\n\n<p><strong>Coordinadores y coordinadoras<\/strong><\/p>\n\n\n\n<div class=\"wp-block-group is-content-justification-center is-layout-constrained wp-block-group-is-layout-constrained\">\n<p>Helcimara Telles&nbsp;<\/p>\n\n\n\n<p><a href=\"mailto:mara-telles@uol.com.br\">mara-telles@uol.com.br<\/a><\/p>\n\n\n\n<p>Universidade Federal de Minas Gerais &#8211; UFMG<\/p>\n<\/div>\n\n\n\n<div style=\"height:100px\" aria-hidden=\"true\" class=\"wp-block-spacer\"><\/div>\n\n\n\n<div class=\"wp-block-group is-content-justification-center is-layout-constrained wp-block-group-is-layout-constrained\">\n<p>Alejandro Moreno<\/p>\n\n\n\n<p><a href=\"mailto:almorenoal@gmail.com\">almorenoal@gmail.com<\/a><\/p>\n\n\n\n<p>Instituto Tecnol\u00f3gico Aut\u00f3nomo de M\u00e9xico &#8211; ITAM<\/p>\n<\/div>\n\n\n\n<div style=\"height:100px\" aria-hidden=\"true\" class=\"wp-block-spacer\"><\/div>\n\n\n\n<div class=\"wp-block-group is-content-justification-center is-layout-constrained wp-block-group-is-layout-constrained\">\n<p>Joscimar Silva<\/p>\n\n\n\n<p><a href=\"mailto:joscimar144@gmail.com\">joscimar144@gmail.com<\/a><\/p>\n\n\n\n<p>Universidade de Bras\u00edlia &#8211; UnB<\/p>\n<\/div>\n\n\n\n<p><\/p>\n\n\n\n<div style=\"height:100px\" aria-hidden=\"true\" class=\"wp-block-spacer\"><\/div>\n","protected":false},"excerpt":{"rendered":"<p>Contacto del Grupo: Laticom.alacip@gmail.com Coordinadores y coordinadoras Helcimara Telles&nbsp; mara-telles@uol.com.br Universidade Federal de Minas Gerais &#8211; UFMG Alejandro Moreno almorenoal@gmail.com Instituto Tecnol\u00f3gico Aut\u00f3nomo de M\u00e9xico &#8211; ITAM Joscimar Silva joscimar144@gmail.com Universidade de Bras\u00edlia &#8211; UnB<\/p>\n","protected":false},"author":1,"featured_media":0,"parent":0,"menu_order":0,"comment_status":"closed","ping_status":"closed","template":"","meta":{"_et_pb_use_builder":"","_et_pb_old_content":"","_et_gb_content_width":"1080","footnotes":""},"class_list":["post-705","page","type-page","status-publish","hentry"],"_links":{"self":[{"href":"https:\/\/grupos.alacip.org\/laticom\/wp-json\/wp\/v2\/pages\/705","targetHints":{"allow":["GET"]}}],"collection":[{"href":"https:\/\/grupos.alacip.org\/laticom\/wp-json\/wp\/v2\/pages"}],"about":[{"href":"https:\/\/grupos.alacip.org\/laticom\/wp-json\/wp\/v2\/types\/page"}],"author":[{"embeddable":true,"href":"https:\/\/grupos.alacip.org\/laticom\/wp-json\/wp\/v2\/users\/1"}],"replies":[{"embeddable":true,"href":"https:\/\/grupos.alacip.org\/laticom\/wp-json\/wp\/v2\/comments?post=705"}],"version-history":[{"count":4,"href":"https:\/\/grupos.alacip.org\/laticom\/wp-json\/wp\/v2\/pages\/705\/revisions"}],"predecessor-version":[{"id":1424,"href":"https:\/\/grupos.alacip.org\/laticom\/wp-json\/wp\/v2\/pages\/705\/revisions\/1424"}],"wp:attachment":[{"href":"https:\/\/grupos.alacip.org\/laticom\/wp-json\/wp\/v2\/media?parent=705"}],"curies":[{"name":"wp","href":"https:\/\/api.w.org\/{rel}","templated":true}]}}