{"id":16,"date":"2022-02-19T20:41:21","date_gmt":"2022-02-19T20:41:21","guid":{"rendered":"https:\/\/gpsites.co\/scribe\/?page_id=16"},"modified":"2023-05-22T14:57:32","modified_gmt":"2023-05-22T14:57:32","slug":"sobre","status":"publish","type":"page","link":"https:\/\/grupos.alacip.org\/laticom\/sobre\/","title":{"rendered":"Sobre"},"content":{"rendered":"\n<p>LATICOM\/ALACIP act\u00faa como Red de investigadores y investigadoras con el objetivo de fomentar la colaboraci\u00f3n entre colegas interesados y interesadas en los estudios de la \u201cComunicaci\u00f3n Pol\u00edtica y Comportamiento Electoral en Am\u00e9rica Latina\u201d con la intenci\u00f3n de desarrollar actividades que permitan profundizar el conocimiento de los procesos comunicacionales y de la l\u00f3gica del voto en la regi\u00f3n latinoamericana. El Grupo pretende ser un foro que re\u00fana esfuerzos para investigar sobre la decisi\u00f3n de voto, las estrategias electorales, los medios, el marketing pol\u00edtico, concentrando sus an\u00e1lisis en el elector y sus elecciones; discutir sobre las herramientas te\u00f3ricas y metodol\u00f3gicas que se emplean para estudiar y ense\u00f1ar la comunicaci\u00f3n pol\u00edtica, los actores pol\u00edticos y las interacciones que se dan entre ellos, discutir sobre los contenidos de los programas de las asignaturas que ense\u00f1an sobre comportamiento electoral y comunicaci\u00f3n pol\u00edtica y mejorar la calidad de la ense\u00f1anza sobre estos temas en las instituciones y en los foros que trabajan sobre ellos en la regi\u00f3n (y otros contextos organizativos).&nbsp;<\/p>\n\n\n\n<p><strong>OBJETIVO<\/strong><br>El objetivo de este Grupo de Trabajo es fomentar la colaboraci\u00f3n entre colegas interesados en el estudio de la \u201cComunicaci\u00f3n Pol\u00edtica y Comportamiento Electoral en Am\u00e9rica Latina\u201d con la intenci\u00f3n de desarrollar actividades que permitan profundizar el conocimiento de los procesos comunicacionales y de la l\u00f3gica del voto en la regi\u00f3n latinoamericana.&nbsp;<\/p>\n\n\n\n<p><strong>TEMAS DE INTER\u00c9S<\/strong><br>El Grupo se interesa por <\/p>\n\n\n\n<p><strong>Eje 1: Comportamiento Electoral: la l\u00f3gica del voto<\/strong><\/p>\n\n\n\n<ul class=\"wp-block-list\">\n<li>El comportamiento electoral: An\u00e1lisis de los paradigmas micro y\/o macro de los contextos y de los resultados de electorales y sus consecuencias para el desarrollo de la democracia en los pa\u00edses latinoamericanos;<\/li>\n\n\n\n<li>&nbsp;&nbsp;Las teor\u00edas de la decisi\u00f3n del voto: sus aplicaciones; desarrollo o testes de teor\u00edas de razones del voto, basada en los contextos electorales de los pa\u00edses latinoamericanos; debates metodol\u00f3gicos para el an\u00e1lisis de las decisiones del voto y del elector;<\/li>\n\n\n\n<li>An\u00e1lisis comparativas de los determinantes del voto (econom\u00eda, identidades partidistas, ideolog\u00eda etc.) y\/o de los resultados electorales en diversos pa\u00edses latinoamericanos;<\/li>\n<\/ul>\n\n\n\n<p><strong>Eje 2: La Comunicaci\u00f3n Pol\u00edtica&nbsp;<\/strong><\/p>\n\n\n\n<ul class=\"wp-block-list\">\n<li>&nbsp;&nbsp;El papel de los medios en las elecciones; examen de la cobertura de la prensa; estudios sobre el efecto de los medios en el comportamiento y en las actitudes pol\u00edticas de los electores latino-americanos; discusiones metodol\u00f3gicas para la investigaci\u00f3n de los efectos de los medios sobre el elector;<\/li>\n\n\n\n<li>Medios y poder: los medios tradicionales y digitales de comunicaci\u00f3n pol\u00edtica; el papel de los medios y de los periodistas en el proceso de redemocratizaci\u00f3n latinoamericano, especialmente durante las elecciones; exploraci\u00f3n comparativa sobre la cobertura de la prensa en las elecciones de los pa\u00edses latinoamericanos, las nuevas herramientas de comunicaci\u00f3n digital y sus usos pol\u00edticos.<\/li>\n\n\n\n<li>El uso y el impacto de las tecnolog\u00edas digitales en la democracia, en el sistema pol\u00edtico, en comportamiento electoral y en las elecciones latinoamericanas;<\/li>\n<\/ul>\n\n\n\n<p><\/p>\n\n\n\n<p><strong>Eje 3: Estrategias de Campa\u00f1a Pol\u00edtica&nbsp; y Marketing&nbsp;<\/strong><\/p>\n\n\n\n<ul class=\"wp-block-list\">\n<li>El uso del marketing pol\u00edtico en las elecciones: an\u00e1lisis de las estrategias de campa\u00f1as de los partidos, candidatos y de sus herramientas de persuasi\u00f3n pol\u00edtica; evaluaci\u00f3n de los impactos de las estrategias sobre el voto; metodolog\u00edas cualitativas y cuantitativas.<\/li>\n<\/ul>\n\n\n\n<p><\/p>\n\n\n\n<p><strong>ACTIVIDADES<\/strong><\/p>\n\n\n\n<p>El Grupo de Trabajo de \u201cComunicaci\u00f3n Pol\u00edtica y Comportamiento Electoral en Am\u00e9rica Latina\u201d desarrollar\u00e1 diversas actividades que incluyen:<\/p>\n\n\n\n<ul class=\"wp-block-list\">\n<li>La convocatoria general y abierta para sumar miembros al Grupo de Trabajo;<\/li>\n\n\n\n<li>La creaci\u00f3n de una lista de contactos de emails (en funci\u00f3n de las l\u00edneas de investigaci\u00f3n de cada miembro),<\/li>\n\n\n\n<li>La difusi\u00f3n de informaciones entre sus miembros,<\/li>\n\n\n\n<li>&nbsp;El desarrollo de una p\u00e1gina web del Grupo,<\/li>\n\n\n\n<li>La organizaci\u00f3n de simposios tem\u00e1ticos o reuniones de trabajo espec\u00edficas entre Congresos,<\/li>\n\n\n\n<li>La elaboraci\u00f3n y difusi\u00f3n de herramientas innovadoras para la docencia sobre \u201cComunicaci\u00f3n Pol\u00edtica y Comportamiento Electoral\u201d<\/li>\n<\/ul>\n\n\n\n<ul class=\"wp-block-list\">\n<li>El apoyo a la coordinaci\u00f3n y\/o publicaci\u00f3n de monograf\u00edas en libros y\/o la coordinaci\u00f3n de vol\u00famenes de revistas,<\/li>\n\n\n\n<li>La configuraci\u00f3n de redes para el desarrollo de proyectos de investigaci\u00f3n conjuntos;<\/li>\n\n\n\n<li>La coordinaci\u00f3n de mesas de trabajo en los Congresos de la Asociaci\u00f3n Latinoamericana de Ciencia Pol\u00edtica y de otras asociaciones.&nbsp;<\/li>\n<\/ul>\n\n\n\n<p><strong>QUIENES PUEDEN PARTICIPAR<br><\/strong>Podr\u00e1n ser miembros activos del Grupo de Trabajo \u201cComunicaci\u00f3n Pol\u00edtica y Comportamiento Electoral\u201d todos aquellos profesores, estudiantes de postgrado y\/o investigadores que ense\u00f1en, investiguen y\/o publiquen sobre los temas de inter\u00e9s de este grupo de trabajo, y que adem\u00e1s est\u00e9n al d\u00eda con el pago de la cuota anual de la Asociaci\u00f3n Latinoamericana de Ciencia Pol\u00edtica.<\/p>\n\n\n\n<div style=\"height:100px\" aria-hidden=\"true\" class=\"wp-block-spacer\"><\/div>\n","protected":false},"excerpt":{"rendered":"<p>LATICOM\/ALACIP act\u00faa como Red de investigadores y investigadoras con el objetivo de fomentar la colaboraci\u00f3n entre colegas interesados y interesadas en los estudios de la \u201cComunicaci\u00f3n Pol\u00edtica y Comportamiento Electoral en Am\u00e9rica Latina\u201d con la intenci\u00f3n de desarrollar actividades que permitan profundizar el conocimiento de los procesos comunicacionales y de la l\u00f3gica del voto en [&hellip;]<\/p>\n","protected":false},"author":1,"featured_media":0,"parent":0,"menu_order":0,"comment_status":"closed","ping_status":"closed","template":"","meta":{"_et_pb_use_builder":"","_et_pb_old_content":"","_et_gb_content_width":"","footnotes":""},"class_list":["post-16","page","type-page","status-publish","hentry"],"_links":{"self":[{"href":"https:\/\/grupos.alacip.org\/laticom\/wp-json\/wp\/v2\/pages\/16","targetHints":{"allow":["GET"]}}],"collection":[{"href":"https:\/\/grupos.alacip.org\/laticom\/wp-json\/wp\/v2\/pages"}],"about":[{"href":"https:\/\/grupos.alacip.org\/laticom\/wp-json\/wp\/v2\/types\/page"}],"author":[{"embeddable":true,"href":"https:\/\/grupos.alacip.org\/laticom\/wp-json\/wp\/v2\/users\/1"}],"replies":[{"embeddable":true,"href":"https:\/\/grupos.alacip.org\/laticom\/wp-json\/wp\/v2\/comments?post=16"}],"version-history":[{"count":3,"href":"https:\/\/grupos.alacip.org\/laticom\/wp-json\/wp\/v2\/pages\/16\/revisions"}],"predecessor-version":[{"id":1434,"href":"https:\/\/grupos.alacip.org\/laticom\/wp-json\/wp\/v2\/pages\/16\/revisions\/1434"}],"wp:attachment":[{"href":"https:\/\/grupos.alacip.org\/laticom\/wp-json\/wp\/v2\/media?parent=16"}],"curies":[{"name":"wp","href":"https:\/\/api.w.org\/{rel}","templated":true}]}}