{"id":1057,"date":"2022-11-03T19:54:16","date_gmt":"2022-11-03T19:54:16","guid":{"rendered":"https:\/\/grupos.alacip.org\/espacio\/?page_id=1057"},"modified":"2023-05-23T13:27:01","modified_gmt":"2023-05-23T13:27:01","slug":"agenda-investigacion","status":"publish","type":"page","link":"https:\/\/grupos.alacip.org\/laticom\/agenda-investigacion\/","title":{"rendered":"Agenda de Investigaci\u00f3n"},"content":{"rendered":"\n<p>La agenda de Investigaci\u00f3n de LATICOM \/ ALACIP cubre una variedad de temas. Aqui enumeramos las investigaciones acutiles de nuestros investigadores: <\/p>\n\n\n\n<p><\/p>\n\n\n\n<ul class=\"wp-block-list\">\n<li>Elecciones municipales y generales; <\/li>\n\n\n\n<li>Comunicaci\u00f3n pol\u00edtica de la nueva derecha; <\/li>\n\n\n\n<li>Comportamiento electoral; <\/li>\n\n\n\n<li>Cultura pol\u00edtica; <\/li>\n\n\n\n<li>Discursos religiosos y Comunicaci\u00f3n pol\u00edtica<\/li>\n\n\n\n<li>Crisis de la representaci\u00f3n e instabilidades politicas<\/li>\n<\/ul>\n\n\n\n<p>Si usted, miembro de LATICOM, investiga un agenda que no est\u00e1 listado, env\u00ede un correo electr\u00f3nico a joscimar144@gmail.com para que ela agenda quede registrada en esta p\u00e1gina. <\/p>\n\n\n\n<p><\/p>\n\n\n\n<p><\/p>\n","protected":false},"excerpt":{"rendered":"<p>La agenda de Investigaci\u00f3n de LATICOM \/ ALACIP cubre una variedad de temas. Aqui enumeramos las investigaciones acutiles de nuestros investigadores: Si usted, miembro de LATICOM, investiga un agenda que no est\u00e1 listado, env\u00ede un correo electr\u00f3nico a joscimar144@gmail.com para que ela agenda quede registrada en esta p\u00e1gina.<\/p>\n","protected":false},"author":1,"featured_media":0,"parent":0,"menu_order":0,"comment_status":"closed","ping_status":"closed","template":"","meta":{"_et_pb_use_builder":"off","_et_pb_old_content":"","_et_gb_content_width":"","footnotes":""},"class_list":["post-1057","page","type-page","status-publish","hentry"],"_links":{"self":[{"href":"https:\/\/grupos.alacip.org\/laticom\/wp-json\/wp\/v2\/pages\/1057","targetHints":{"allow":["GET"]}}],"collection":[{"href":"https:\/\/grupos.alacip.org\/laticom\/wp-json\/wp\/v2\/pages"}],"about":[{"href":"https:\/\/grupos.alacip.org\/laticom\/wp-json\/wp\/v2\/types\/page"}],"author":[{"embeddable":true,"href":"https:\/\/grupos.alacip.org\/laticom\/wp-json\/wp\/v2\/users\/1"}],"replies":[{"embeddable":true,"href":"https:\/\/grupos.alacip.org\/laticom\/wp-json\/wp\/v2\/comments?post=1057"}],"version-history":[{"count":1,"href":"https:\/\/grupos.alacip.org\/laticom\/wp-json\/wp\/v2\/pages\/1057\/revisions"}],"predecessor-version":[{"id":1448,"href":"https:\/\/grupos.alacip.org\/laticom\/wp-json\/wp\/v2\/pages\/1057\/revisions\/1448"}],"wp:attachment":[{"href":"https:\/\/grupos.alacip.org\/laticom\/wp-json\/wp\/v2\/media?parent=1057"}],"curies":[{"name":"wp","href":"https:\/\/api.w.org\/{rel}","templated":true}]}}