{"id":16,"date":"2022-02-19T20:41:21","date_gmt":"2022-02-19T20:41:21","guid":{"rendered":"https:\/\/gpsites.co\/scribe\/?page_id=16"},"modified":"2023-03-17T15:57:52","modified_gmt":"2023-03-17T15:57:52","slug":"sobre","status":"publish","type":"page","link":"https:\/\/grupos.alacip.org\/gopsal\/sobre\/","title":{"rendered":"Sobre el GOPSAL"},"content":{"rendered":"[et_pb_section admin_label=\u00bbsection\u00bb]\n\t\t\t[et_pb_row admin_label=\u00bbrow\u00bb]\n\t\t\t\t[et_pb_column type=\u00bb4_4&#8243;][et_pb_text admin_label=\u00bbText\u00bb]\n<p>El Grupo de Investigaci\u00f3n sobre Gobiernos y Pol\u00edtica Subnacional de Am\u00e9rica Latina (GOPSAL) de la Asociaci\u00f3n Latinoamericana de Ciencia Pol\u00edtica (ALACIP) consiste en una red de cientistas pol\u00edticos que trabajan sobre los sistemas pol\u00edticos subnacionales de Am\u00e9rica Latina. Creado en 2013, constituye el primer esfuerzo sistem\u00e1tico para reunir a estos colegas en una red internacional de car\u00e1cter permanente. GOPSAL tiene como prop\u00f3sito dar impulso a proyectos de cooperaci\u00f3n, promover la investigaci\u00f3n, integrar a investigadores en formaci\u00f3n, difundir los resultados de investigaciones emp\u00edricas sobre los gobiernos y la pol\u00edtica subnacional y, en consecuencia, contribuir a la elaboraci\u00f3n de teor\u00edas en la ciencia pol\u00edtica.<\/p>\n\n\n\n<p>\u00a1Sumate!<\/p>\n\n\n\n<p><strong>OBJETIVO<\/strong><br>Objetivo del grupo:<\/p>\n\n\n\n<p>Promover la investigaci\u00f3n comparada y la construcci\u00f3n de teor\u00edas sobre la pol\u00edtica subnacional en Am\u00e9rica Latina, sus funciones, funcionamiento y grado de institucionalizaci\u00f3n.<\/p>\n\n\n\n<p>Dar impulso a la formaci\u00f3n de una red de especialistas (senior y junior) que trabajen sobre los gobiernos subnacionales de Am\u00e9rica Latina y servir como plataforma para la consolidaci\u00f3n de tal red.<\/p>\n\n\n\n<p>Incentivar el intercambio acad\u00e9mico a trav\u00e9s de la difusi\u00f3n de las investigaciones sobre el tema y de informaci\u00f3n y bases de datos sobre los diversos pa\u00edses de la regi\u00f3n.<\/p>\n\n\n\n<p>Fortalecer la presencia de los estudios subnacionales en los congresos de ALACIP.<\/p>\n\n\n\n<p><strong>TEMAS DE INTER\u00c9S<\/strong><br>El Grupo se interesa por <\/p>\n\n\n\n<ul class=\"wp-block-list\">\n<li>Pol\u00edtica Subnacional<\/li>\n\n\n\n<li>Gobiernos subnacionales<\/li>\n\n\n\n<li>Elecciones subnacionales<\/li>\n\n\n\n<li>Descentralizaci\u00f3n<\/li>\n\n\n\n<li>Federalismo<\/li>\n<\/ul>\n\n\n\n<p><strong>ACTIVIDADES<\/strong><\/p>\n\n\n\n<p>Nuestras actividades se concentran en la organizaci\u00f3n de simposios y paneles en los congresos de ALACIP. Sin embargo, tambi\u00e9n procuramos organizar panales en congresos nacionales, IPSA, LASA, entre otros.<\/p>\n\n\n\n<p>Tambi\u00e9n trabajamos en la producci\u00f3n de material asociado a los temas anteriormente plateados y a la difusi\u00f3n de la producci\u00f3n acad\u00e9mica de los miembros del grupo.<\/p>\n\n\n\n<p><strong>QUIENES PUEDEN PARTICIPAR<\/strong><\/p>\n\n\n\n<p>Todas aquellas personas que sean miembros de ALACIP y que tengan inter\u00e9s en asuntos previamente se\u00f1alados vinculados a la pol\u00edtica subnacional.<\/p>\n\n\n\n<p><\/p>\n\n\n\n<div style=\"height:100px\" aria-hidden=\"true\" class=\"wp-block-spacer\"><\/div>\n[\/et_pb_text][\/et_pb_column]\n\t\t\t[\/et_pb_row]\n\t\t[\/et_pb_section]","protected":false},"excerpt":{"rendered":"<p>El Grupo de Investigaci\u00f3n sobre Gobiernos y Pol\u00edtica Subnacional de Am\u00e9rica Latina (GOPSAL) de la Asociaci\u00f3n Latinoamericana de Ciencia Pol\u00edtica (ALACIP) consiste en una red de cientistas pol\u00edticos que trabajan sobre los sistemas pol\u00edticos subnacionales de Am\u00e9rica Latina. Creado en 2013, constituye el primer esfuerzo sistem\u00e1tico para reunir a estos colegas en una red internacional [&hellip;]<\/p>\n","protected":false},"author":1,"featured_media":0,"parent":0,"menu_order":0,"comment_status":"closed","ping_status":"closed","template":"","meta":{"_et_pb_use_builder":"on","_et_pb_old_content":"<!-- wp:paragraph -->\n<p>El Grupo de Investigaci\u00f3n sobre Gobiernos y Pol\u00edtica Subnacional de Am\u00e9rica Latina (GOPSAL) de la Asociaci\u00f3n Latinoamericana de Ciencia Pol\u00edtica (ALACIP) consiste en una red de cientistas pol\u00edticos que trabajan sobre los sistemas pol\u00edticos subnacionales de Am\u00e9rica Latina. Creado en 2013, constituye el primer esfuerzo sistem\u00e1tico para reunir a estos colegas en una red internacional de car\u00e1cter permanente. GOPSAL tiene como prop\u00f3sito dar impulso a proyectos de cooperaci\u00f3n, promover la investigaci\u00f3n, integrar a investigadores en formaci\u00f3n, difundir los resultados de investigaciones emp\u00edricas sobre los gobiernos y la pol\u00edtica subnacional y, en consecuencia, contribuir a la elaboraci\u00f3n de teor\u00edas en la ciencia pol\u00edtica.<\/p>\n<!-- \/wp:paragraph -->\n\n<!-- wp:paragraph -->\n<p>\u00a1Sumate!<\/p>\n<!-- \/wp:paragraph -->\n\n<!-- wp:paragraph -->\n<p><strong>OBJETIVO<\/strong><br>Objetivo del grupo:<\/p>\n<!-- \/wp:paragraph -->\n\n<!-- wp:paragraph -->\n<p>Promover la investigaci\u00f3n comparada y la construcci\u00f3n de teor\u00edas sobre la pol\u00edtica subnacional en Am\u00e9rica Latina, sus funciones, funcionamiento y grado de institucionalizaci\u00f3n.<\/p>\n<!-- \/wp:paragraph -->\n\n<!-- wp:paragraph -->\n<p>Dar impulso a la formaci\u00f3n de una red de especialistas (senior y junior) que trabajen sobre los gobiernos subnacionales de Am\u00e9rica Latina y servir como plataforma para la consolidaci\u00f3n de tal red.<\/p>\n<!-- \/wp:paragraph -->\n\n<!-- wp:paragraph -->\n<p>Incentivar el intercambio acad\u00e9mico a trav\u00e9s de la difusi\u00f3n de las investigaciones sobre el tema y de informaci\u00f3n y bases de datos sobre los diversos pa\u00edses de la regi\u00f3n.<\/p>\n<!-- \/wp:paragraph -->\n\n<!-- wp:paragraph -->\n<p>Fortalecer la presencia de los estudios subnacionales en los congresos de ALACIP.<\/p>\n<!-- \/wp:paragraph -->\n\n<!-- wp:paragraph -->\n<p><strong>TEMAS DE INTER\u00c9S<\/strong><br>El Grupo se interesa por <\/p>\n<!-- \/wp:paragraph -->\n\n<!-- wp:list -->\n<ul><!-- wp:list-item -->\n<li>Pol\u00edtica Subnacional<\/li>\n<!-- \/wp:list-item -->\n\n<!-- wp:list-item -->\n<li>Gobiernos subnacionales<\/li>\n<!-- \/wp:list-item -->\n\n<!-- wp:list-item -->\n<li>Elecciones subnacionales<\/li>\n<!-- \/wp:list-item -->\n\n<!-- wp:list-item -->\n<li>Descentralizaci\u00f3n<\/li>\n<!-- \/wp:list-item -->\n\n<!-- wp:list-item -->\n<li>Federalismo<\/li>\n<!-- \/wp:list-item --><\/ul>\n<!-- \/wp:list -->\n\n<!-- wp:paragraph -->\n<p><strong>ACTIVIDADES<\/strong><\/p>\n<!-- \/wp:paragraph -->\n\n<!-- wp:paragraph -->\n<p>Nuestras actividades se concentran en la organizaci\u00f3n de simposios y paneles en los congresos de ALACIP. Sin embargo, tambi\u00e9n procuramos organizar panales en congresos nacionales, IPSA, LASA, entre otros.<\/p>\n<!-- \/wp:paragraph -->\n\n<!-- wp:paragraph -->\n<p>Tambi\u00e9n trabajamos en la producci\u00f3n de material asociado a los temas anteriormente plateados y a la difusi\u00f3n de la producci\u00f3n acad\u00e9mica de los miembros del grupo.<\/p>\n<!-- \/wp:paragraph -->\n\n<!-- wp:paragraph -->\n<p><strong>QUIENES PUEDEN PARTICIPAR<\/strong><\/p>\n<!-- \/wp:paragraph -->\n\n<!-- wp:paragraph -->\n<p>Todas aquellas personas que sean miembros de ALACIP y que tengan inter\u00e9s en asuntos previamente se\u00f1alados vinculados a la pol\u00edtica subnacional.<\/p>\n<!-- \/wp:paragraph -->\n\n<!-- wp:paragraph -->\n<p><\/p>\n<!-- \/wp:paragraph -->\n\n<!-- wp:spacer -->\n<div style=\"height:100px\" aria-hidden=\"true\" class=\"wp-block-spacer\"><\/div>\n<!-- \/wp:spacer -->","_et_gb_content_width":"","footnotes":""},"class_list":["post-16","page","type-page","status-publish","hentry"],"_links":{"self":[{"href":"https:\/\/grupos.alacip.org\/gopsal\/wp-json\/wp\/v2\/pages\/16","targetHints":{"allow":["GET"]}}],"collection":[{"href":"https:\/\/grupos.alacip.org\/gopsal\/wp-json\/wp\/v2\/pages"}],"about":[{"href":"https:\/\/grupos.alacip.org\/gopsal\/wp-json\/wp\/v2\/types\/page"}],"author":[{"embeddable":true,"href":"https:\/\/grupos.alacip.org\/gopsal\/wp-json\/wp\/v2\/users\/1"}],"replies":[{"embeddable":true,"href":"https:\/\/grupos.alacip.org\/gopsal\/wp-json\/wp\/v2\/comments?post=16"}],"version-history":[{"count":6,"href":"https:\/\/grupos.alacip.org\/gopsal\/wp-json\/wp\/v2\/pages\/16\/revisions"}],"predecessor-version":[{"id":1397,"href":"https:\/\/grupos.alacip.org\/gopsal\/wp-json\/wp\/v2\/pages\/16\/revisions\/1397"}],"wp:attachment":[{"href":"https:\/\/grupos.alacip.org\/gopsal\/wp-json\/wp\/v2\/media?parent=16"}],"curies":[{"name":"wp","href":"https:\/\/api.w.org\/{rel}","templated":true}]}}