{"id":127,"date":"2022-10-20T00:29:53","date_gmt":"2022-10-20T00:29:53","guid":{"rendered":"https:\/\/grupos.alacip.org\/espacio\/?page_id=127"},"modified":"2023-06-15T18:40:53","modified_gmt":"2023-06-15T18:40:53","slug":"home2","status":"publish","type":"page","link":"https:\/\/grupos.alacip.org\/gopsal\/","title":{"rendered":"Home"},"content":{"rendered":"<ul class=\"wp-block-latest-posts__list is-grid columns-3 has-dates largura wp-block-latest-posts\"><li><div class=\"wp-block-latest-posts__featured-image aligncenter\"><a href=\"https:\/\/grupos.alacip.org\/gopsal\/2025\/10\/12\/convocatoria-para-presentar-propuestas-al-simposio-del-gopsal-alacip-2026\/\" aria-label=\"Convocatoria para presentar propuestas al Simposio del GOPSAL-ALACIP 2026\"><img loading=\"lazy\" decoding=\"async\" width=\"300\" height=\"155\" src=\"https:\/\/grupos.alacip.org\/gopsal\/wp-content\/uploads\/sites\/8\/2025\/10\/ALACIP-2026-300x155.jpg\" class=\"attachment-medium size-medium wp-post-image\" alt=\"\" style=\"\" \/><\/a><\/div><a class=\"wp-block-latest-posts__post-title\" href=\"https:\/\/grupos.alacip.org\/gopsal\/2025\/10\/12\/convocatoria-para-presentar-propuestas-al-simposio-del-gopsal-alacip-2026\/\">Convocatoria para presentar propuestas al Simposio del GOPSAL-ALACIP 2026<\/a><time datetime=\"2025-10-12T17:17:30+00:00\" class=\"wp-block-latest-posts__post-date\">12 de octubre de 2025<\/time><\/li>\n<li><div class=\"wp-block-latest-posts__featured-image aligncenter\"><a href=\"https:\/\/grupos.alacip.org\/gopsal\/2025\/05\/28\/convocatoria-para-estudiantes-de-posgrado-en-el-marco-del-iii-seminario-internacional-politica-subnacional-en-america-latina\/\" aria-label=\"Convocatoria para Estudiantes de Posgrado en el marco del III Seminario Internacional \u201cPol\u00edtica Subnacional en Am\u00e9rica Latina\u201d\"><img loading=\"lazy\" decoding=\"async\" width=\"300\" height=\"169\" src=\"https:\/\/grupos.alacip.org\/gopsal\/wp-content\/uploads\/sites\/8\/2025\/05\/3-seminario-REPSAL-300x169.jpg\" class=\"attachment-medium size-medium wp-post-image\" alt=\"\" style=\"\" \/><\/a><\/div><a class=\"wp-block-latest-posts__post-title\" href=\"https:\/\/grupos.alacip.org\/gopsal\/2025\/05\/28\/convocatoria-para-estudiantes-de-posgrado-en-el-marco-del-iii-seminario-internacional-politica-subnacional-en-america-latina\/\">Convocatoria para Estudiantes de Posgrado en el marco del III Seminario Internacional \u201cPol\u00edtica Subnacional en Am\u00e9rica Latina\u201d<\/a><time datetime=\"2025-05-28T12:00:14+00:00\" class=\"wp-block-latest-posts__post-date\">28 de mayo de 2025<\/time><\/li>\n<li><div class=\"wp-block-latest-posts__featured-image aligncenter\"><a href=\"https:\/\/grupos.alacip.org\/gopsal\/2023\/11\/25\/se-realizo-el-ii-seminario-internacional-politica-subnacional-en-america-latina\/\" aria-label=\"Se realiz\u00f3 el II Seminario Internacional \u00abPol\u00edtica Subnacional en Am\u00e9rica Latina\u00bb\"><img loading=\"lazy\" decoding=\"async\" width=\"212\" height=\"300\" src=\"https:\/\/grupos.alacip.org\/gopsal\/wp-content\/uploads\/sites\/8\/2023\/11\/Seminario-REPSAL-2023-1-212x300.png\" class=\"attachment-medium size-medium wp-post-image\" alt=\"\" style=\"\" \/><\/a><\/div><a class=\"wp-block-latest-posts__post-title\" href=\"https:\/\/grupos.alacip.org\/gopsal\/2023\/11\/25\/se-realizo-el-ii-seminario-internacional-politica-subnacional-en-america-latina\/\">Se realiz\u00f3 el II Seminario Internacional \u00abPol\u00edtica Subnacional en Am\u00e9rica Latina\u00bb<\/a><time datetime=\"2023-11-25T15:43:42+00:00\" class=\"wp-block-latest-posts__post-date\">25 de noviembre de 2023<\/time><\/li>\n<li><div class=\"wp-block-latest-posts__featured-image aligncenter\"><a href=\"https:\/\/grupos.alacip.org\/gopsal\/2023\/07\/06\/simposio-desafios-y-conflictos-en-los-escenarios-subnacionales\/\" aria-label=\"Simposio \u00abDesafios y Conflictos en los Escenarios Subnacionales\u00bb\"><img loading=\"lazy\" decoding=\"async\" width=\"300\" height=\"251\" src=\"https:\/\/grupos.alacip.org\/gopsal\/wp-content\/uploads\/sites\/8\/2023\/07\/simposio-REPSA-300x251.jpg\" class=\"attachment-medium size-medium wp-post-image\" alt=\"\" style=\"\" \/><\/a><\/div><a class=\"wp-block-latest-posts__post-title\" href=\"https:\/\/grupos.alacip.org\/gopsal\/2023\/07\/06\/simposio-desafios-y-conflictos-en-los-escenarios-subnacionales\/\">Simposio \u00abDesafios y Conflictos en los Escenarios Subnacionales\u00bb<\/a><time datetime=\"2023-07-06T20:58:32+00:00\" class=\"wp-block-latest-posts__post-date\">6 de julio de 2023<\/time><\/li>\n<li><div class=\"wp-block-latest-posts__featured-image aligncenter\"><a href=\"https:\/\/grupos.alacip.org\/gopsal\/2023\/07\/06\/elecciones-en-el-estado-de-mexico-y-coahuila-de-2023hacia-el-predominio-morenista-y-el-fin-del-pri\/\" aria-label=\"Elecciones en el Estado de M\u00e9xico y Coahuila de 2023:\u00bfHacia el predominio morenista y el fin del PRI?\"><img loading=\"lazy\" decoding=\"async\" width=\"300\" height=\"214\" src=\"https:\/\/grupos.alacip.org\/gopsal\/wp-content\/uploads\/sites\/8\/2023\/07\/Imagenes-de-Blog-subnacionAL-Post-de-Twitter-Post-de-Instagram-Cuadrado-6-300x214.png\" class=\"attachment-medium size-medium wp-post-image\" alt=\"\" style=\"\" \/><\/a><\/div><a class=\"wp-block-latest-posts__post-title\" href=\"https:\/\/grupos.alacip.org\/gopsal\/2023\/07\/06\/elecciones-en-el-estado-de-mexico-y-coahuila-de-2023hacia-el-predominio-morenista-y-el-fin-del-pri\/\">Elecciones en el Estado de M\u00e9xico y Coahuila de 2023:\u00bfHacia el predominio morenista y el fin del PRI?<\/a><time datetime=\"2023-07-06T20:10:39+00:00\" class=\"wp-block-latest-posts__post-date\">6 de julio de 2023<\/time><\/li>\n<li><div class=\"wp-block-latest-posts__featured-image aligncenter\"><a href=\"https:\/\/grupos.alacip.org\/gopsal\/2023\/06\/22\/elecciones-no-concurrentes-en-argentina-tendencia-a-favorecer-oficialismos-por-indiana-azar-y-hernan-toppi\/\" aria-label=\"\u00abElecciones no concurrentes en Argentina: \u00bftendencia a favorecer oficialismos?\u00bb por Indiana Azar y Hern\u00e1n Toppi\"><img loading=\"lazy\" decoding=\"async\" width=\"300\" height=\"214\" src=\"https:\/\/grupos.alacip.org\/gopsal\/wp-content\/uploads\/sites\/8\/2023\/06\/Imagenes-de-Blog-subnacionAL-Post-de-Twitter-argentina-300x214.png\" class=\"attachment-medium size-medium wp-post-image\" alt=\"\" style=\"\" \/><\/a><\/div><a class=\"wp-block-latest-posts__post-title\" href=\"https:\/\/grupos.alacip.org\/gopsal\/2023\/06\/22\/elecciones-no-concurrentes-en-argentina-tendencia-a-favorecer-oficialismos-por-indiana-azar-y-hernan-toppi\/\">\u00abElecciones no concurrentes en Argentina: \u00bftendencia a favorecer oficialismos?\u00bb por Indiana Azar y Hern\u00e1n Toppi<\/a><time datetime=\"2023-06-22T18:52:18+00:00\" class=\"wp-block-latest-posts__post-date\">22 de junio de 2023<\/time><\/li>\n<\/ul>\n\n\n<div class=\"wp-block-group alignfull has-background-color has-foreground-background-color has-text-color has-background has-link-color wp-elements-ea63a21c96332f53147fa0ad82e92f75 is-layout-constrained wp-block-group-is-layout-constrained\" style=\"padding-top:var(--wp--custom--spacing--small, 1.25rem);padding-bottom:var(--wp--custom--spacing--small, 1.25rem)\">\n<div class=\"wp-block-group alignwide is-content-justification-space-between is-layout-flex wp-container-core-group-is-layout-3d213aab wp-block-group-is-layout-flex\"><p class=\"wp-block-site-title\"><a href=\"https:\/\/grupos.alacip.org\/gopsal\" target=\"_self\" rel=\"home\">GOPSAL &#8211; Grupo de Investigaci\u00f3n sobre Pol\u00edtica y Gobiernos Subnacionales de Am\u00e9rica Latina<\/a><\/p>\n\n\n<p class=\"has-text-align-right\">Funciona gracias a <a href=\"https:\/\/es.wordpress.org\" rel=\"nofollow\">WordPress<\/a><\/p>\n<\/div>\n<\/div>\n","protected":false},"excerpt":{"rendered":"<p>Funciona gracias a WordPress<\/p>\n","protected":false},"author":1,"featured_media":1466,"parent":0,"menu_order":0,"comment_status":"closed","ping_status":"closed","template":"","meta":{"_et_pb_use_builder":"off","_et_pb_old_content":"<!-- wp:latest-posts {\"postsToShow\":6,\"displayPostDate\":true,\"postLayout\":\"grid\",\"displayFeaturedImage\":true,\"featuredImageAlign\":\"center\",\"featuredImageSizeSlug\":\"medium\",\"addLinkToFeaturedImage\":true,\"className\":\"largura\"} \/-->\n\n<!-- wp:group {\"align\":\"full\",\"style\":{\"elements\":{\"link\":{\"color\":{\"text\":\"var:preset|color|background\"}}},\"spacing\":{\"padding\":{\"top\":\"var(\\u002d\\u002dwp\\u002d\\u002dcustom\\u002d\\u002dspacing\\u002d\\u002dsmall, 1.25rem)\",\"bottom\":\"var(\\u002d\\u002dwp\\u002d\\u002dcustom\\u002d\\u002dspacing\\u002d\\u002dsmall, 1.25rem)\"}}},\"backgroundColor\":\"foreground\",\"textColor\":\"background\",\"layout\":{\"inherit\":true}} -->\n<div class=\"wp-block-group alignfull has-background-color has-foreground-background-color has-text-color has-background has-link-color\" style=\"padding-top:var(--wp--custom--spacing--small, 1.25rem);padding-bottom:var(--wp--custom--spacing--small, 1.25rem)\"><!-- wp:group {\"align\":\"wide\",\"layout\":{\"type\":\"flex\",\"justifyContent\":\"space-between\"}} -->\n<div class=\"wp-block-group alignwide\"><!-- wp:site-title {\"level\":0} \/-->\n\n<!-- wp:paragraph {\"align\":\"right\"} -->\n<p class=\"has-text-align-right\">Funciona gracias a <a href=\"https:\/\/es.wordpress.org\" rel=\"nofollow\">WordPress<\/a><\/p>\n<!-- \/wp:paragraph --><\/div>\n<!-- \/wp:group --><\/div>\n<!-- \/wp:group -->","_et_gb_content_width":"","footnotes":""},"class_list":["post-127","page","type-page","status-publish","has-post-thumbnail","hentry"],"_links":{"self":[{"href":"https:\/\/grupos.alacip.org\/gopsal\/wp-json\/wp\/v2\/pages\/127","targetHints":{"allow":["GET"]}}],"collection":[{"href":"https:\/\/grupos.alacip.org\/gopsal\/wp-json\/wp\/v2\/pages"}],"about":[{"href":"https:\/\/grupos.alacip.org\/gopsal\/wp-json\/wp\/v2\/types\/page"}],"author":[{"embeddable":true,"href":"https:\/\/grupos.alacip.org\/gopsal\/wp-json\/wp\/v2\/users\/1"}],"replies":[{"embeddable":true,"href":"https:\/\/grupos.alacip.org\/gopsal\/wp-json\/wp\/v2\/comments?post=127"}],"version-history":[{"count":1,"href":"https:\/\/grupos.alacip.org\/gopsal\/wp-json\/wp\/v2\/pages\/127\/revisions"}],"predecessor-version":[{"id":1473,"href":"https:\/\/grupos.alacip.org\/gopsal\/wp-json\/wp\/v2\/pages\/127\/revisions\/1473"}],"wp:featuredmedia":[{"embeddable":true,"href":"https:\/\/grupos.alacip.org\/gopsal\/wp-json\/wp\/v2\/media\/1466"}],"wp:attachment":[{"href":"https:\/\/grupos.alacip.org\/gopsal\/wp-json\/wp\/v2\/media?parent=127"}],"curies":[{"name":"wp","href":"https:\/\/api.w.org\/{rel}","templated":true}]}}