{"id":1057,"date":"2022-11-03T19:54:16","date_gmt":"2022-11-03T19:54:16","guid":{"rendered":"https:\/\/grupos.alacip.org\/espacio\/?page_id=1057"},"modified":"2023-03-17T14:23:39","modified_gmt":"2023-03-17T14:23:39","slug":"agenda-investigacion","status":"publish","type":"page","link":"https:\/\/grupos.alacip.org\/gopsal\/agenda-investigacion\/","title":{"rendered":"Agenda de Investigaci\u00f3n"},"content":{"rendered":"\n<p>El grupo no coordina proyectos de investigaci\u00f3n espec\u00edficos. No obstante, se constituye como un catalizador para contribuir a la formaci\u00f3n de grupos que puedan dise\u00f1ar y llevar adelante proyectos. Adem\u00e1s, busca establecerse como un espacio de difusi\u00f3n de la producci\u00f3n acad\u00e9mica de las personas que lo componen.<\/p>\n\n\n\n<p>Los temas que, m\u00e1s recurrentemente, forman parte de la agenda de sus miembros es:<\/p>\n\n\n\n<p>\u2022&nbsp;&nbsp;&nbsp;&nbsp;&nbsp;&nbsp;&nbsp;&nbsp;&nbsp;&nbsp;&nbsp;&nbsp; Pol\u00edtica subnacional<\/p>\n\n\n\n<p>\u2022&nbsp;&nbsp;&nbsp;&nbsp;&nbsp;&nbsp;&nbsp;&nbsp;&nbsp;&nbsp;&nbsp;&nbsp; Gobiernos subnacionales<\/p>\n\n\n\n<p>\u2022&nbsp;&nbsp;&nbsp;&nbsp;&nbsp;&nbsp;&nbsp;&nbsp;&nbsp;&nbsp;&nbsp;&nbsp; Elecciones subnacionales<\/p>\n\n\n\n<p>\u2022&nbsp;&nbsp;&nbsp;&nbsp;&nbsp;&nbsp;&nbsp;&nbsp;&nbsp;&nbsp;&nbsp;&nbsp; Descentralizaci\u00f3n<\/p>\n\n\n\n<p>\u2022&nbsp;&nbsp;&nbsp;&nbsp;&nbsp;&nbsp;&nbsp;&nbsp;&nbsp;&nbsp;&nbsp;&nbsp; Federalismo<\/p>\n\n\n\n<p><\/p>\n","protected":false},"excerpt":{"rendered":"<p>El grupo no coordina proyectos de investigaci\u00f3n espec\u00edficos. No obstante, se constituye como un catalizador para contribuir a la formaci\u00f3n de grupos que puedan dise\u00f1ar y llevar adelante proyectos. Adem\u00e1s, busca establecerse como un espacio de difusi\u00f3n de la producci\u00f3n acad\u00e9mica de las personas que lo componen. Los temas que, m\u00e1s recurrentemente, forman parte de [&hellip;]<\/p>\n","protected":false},"author":1,"featured_media":0,"parent":0,"menu_order":0,"comment_status":"closed","ping_status":"closed","template":"","meta":{"_et_pb_use_builder":"off","_et_pb_old_content":"","_et_gb_content_width":"","footnotes":""},"class_list":["post-1057","page","type-page","status-publish","hentry"],"_links":{"self":[{"href":"https:\/\/grupos.alacip.org\/gopsal\/wp-json\/wp\/v2\/pages\/1057","targetHints":{"allow":["GET"]}}],"collection":[{"href":"https:\/\/grupos.alacip.org\/gopsal\/wp-json\/wp\/v2\/pages"}],"about":[{"href":"https:\/\/grupos.alacip.org\/gopsal\/wp-json\/wp\/v2\/types\/page"}],"author":[{"embeddable":true,"href":"https:\/\/grupos.alacip.org\/gopsal\/wp-json\/wp\/v2\/users\/1"}],"replies":[{"embeddable":true,"href":"https:\/\/grupos.alacip.org\/gopsal\/wp-json\/wp\/v2\/comments?post=1057"}],"version-history":[{"count":1,"href":"https:\/\/grupos.alacip.org\/gopsal\/wp-json\/wp\/v2\/pages\/1057\/revisions"}],"predecessor-version":[{"id":1365,"href":"https:\/\/grupos.alacip.org\/gopsal\/wp-json\/wp\/v2\/pages\/1057\/revisions\/1365"}],"wp:attachment":[{"href":"https:\/\/grupos.alacip.org\/gopsal\/wp-json\/wp\/v2\/media?parent=1057"}],"curies":[{"name":"wp","href":"https:\/\/api.w.org\/{rel}","templated":true}]}}