{"id":16,"date":"2022-02-19T20:41:21","date_gmt":"2022-02-19T20:41:21","guid":{"rendered":"https:\/\/gpsites.co\/scribe\/?page_id=16"},"modified":"2023-03-29T13:13:30","modified_gmt":"2023-03-29T13:13:30","slug":"sobre","status":"publish","type":"page","link":"https:\/\/grupos.alacip.org\/gipsal\/sobre\/","title":{"rendered":"Sobre"},"content":{"rendered":"\n<p>El Grupo de Investigaci\u00f3n sobre Partidos y Sistemas de Partidos en Am\u00e9rica Latina (GIPSAL) es un grupo de investigaci\u00f3n de la Asociaci\u00f3n Latinoamericana de Ciencia Pol\u00edtica (ALACIP), integrado por profesores, investigadores y estudiantes de posgrado, con la intenci\u00f3n de desarrollar actividades que permitan profundizar en el conocimiento de las elecciones, los partidos pol\u00edticos y los sistemas de partidos.<\/p>\n\n\n\n<p><br>GIPSAL es una plataforma que pretende generar redes, favorecer el intercambio entre colegas de diferentes pa\u00edses e instituciones, estimular el desarrollo de proyectos de investigaci\u00f3n comparados, estimular la creaci\u00f3n de bases de datos, contribuir en la difusi\u00f3n de informaci\u00f3n relevante y servir como espacio donde se puedan encontrar m\u00faltiples recursos para mejorar el conocimiento y la ense\u00f1anza sobre los partidos y los sistemas de partidos.<br>El objetivo principal de GIPSAL es fomentar la colaboraci\u00f3n entre colegas interesados\/as en el estudio de los partidos y sistemas de partidos de Am\u00e9rica Latina con un criterio amplio y plural, tanto te\u00f3rica como metodol\u00f3gicamente. El Grupo pretende ser un foro que re\u00fana esfuerzos para investigar sobre los procesos electorales y el funcionamiento de los partidos pol\u00edticos; discutir sobre las herramientas te\u00f3ricas y metodol\u00f3gicas que se emplean para estudiar y ense\u00f1ar las elecciones, los partidos y las interacciones que se dan entre ellos, discutir sobre los contenidos de los programas de las asignaturas que ense\u00f1an sobre partidos y mejorar la calidad de la ense\u00f1anza sobre estos temas en las instituciones y en los foros que trabajan sobre ellos en la regi\u00f3n (y otros contextos organizativos).<br>GIPSAL busca generar discusi\u00f3n cr\u00edtica e insumos de calidad sobre los partidos y los sistemas de partidos. Pretende investigar, discutir y publicar sobre cuestiones relacionadas con el comportamiento electoral, los partidos pol\u00edticos, la evoluci\u00f3n de los sistemas de partidos, y la representaci\u00f3n pol\u00edtica.<\/p>\n\n\n\n<p><strong>Actividades<\/strong><br>Como parte de su actividad permanente, GIPSAL desarrollar\u00e1 diversas actividades que incluyen:<br>\u2022 la convocatoria permanente a nuevos miembros<br>\u2022 la creaci\u00f3n y el mantenimiento de una lista de contactos para difusi\u00f3n de actividades, convocatorias y novedades<br>\u2022 el desarrollo, actualizaci\u00f3n y mantenimiento de la p\u00e1gina web del Grupo<br>\u2022 la organizaci\u00f3n de simposios tem\u00e1ticos o reuniones de trabajo<br>\u2022 la elaboraci\u00f3n y difusi\u00f3n de herramientas innovadoras para la docencia sobre \u201cPartidos y sistemas de partidos\u201d<br>\u2022 el apoyo a la coordinaci\u00f3n y\/o publicaci\u00f3n de monograf\u00edas en libros y\/o la coordinaci\u00f3n de vol\u00famenes de revistas<br>\u2022 la configuraci\u00f3n de redes para el desarrollo de proyectos de investigaci\u00f3n conjuntos<br>\u2022 la coordinaci\u00f3n de mesas de trabajo en los Congresos de la Asociaci\u00f3n Latinoamericana de Ciencia Pol\u00edtica y de otras asociaciones<\/p>\n\n\n\n<p><strong>Qui\u00e9nes pueden participar<\/strong><br>Podr\u00e1n ser miembros activos\/as de GIPSAL todos aquellos\/as profesores, estudiantes de posgrado y\/o investigadores que ense\u00f1en, investiguen y\/o publiquen sobre los temas de inter\u00e9s de este grupo de trabajo, definido de un modo amplio y plural, y que adem\u00e1s est\u00e9n al d\u00eda con el pago de la cuota anual de la Asociaci\u00f3n Latinoamericana de Ciencia Pol\u00edtica.<br>Para ser miembro de GIPSAL deben enviar un correo electr\u00f3nico a alacip.gipsal@gmail.com detallando su solicitud de membres\u00eda, junto con la siguiente informaci\u00f3n:<br>Nombres y Apellidos, Nivel acad\u00e9mico\/profesional, Universidad o Instituci\u00f3n Acad\u00e9mica de pertenencia; Nacionalidad, Correo Electr\u00f3nico, Web personal (en caso de tener).<\/p>\n\n\n\n<p><strong>Organizaci\u00f3n<\/strong><br>El Grupo se organizar\u00e1 bajo el formato de un Comit\u00e9, del cual dos de ellos ejercer\u00e1n como coordinadores\/as responsables, que son quienes velar\u00e1n por el buen desarrollo del Grupo y qui\u00e9nes se responsabilizar\u00e1n de la implementaci\u00f3n del plan de tareas previsto.<\/p>\n\n\n\n<div style=\"height:100px\" aria-hidden=\"true\" class=\"wp-block-spacer\"><\/div>\n","protected":false},"excerpt":{"rendered":"<p>El Grupo de Investigaci\u00f3n sobre Partidos y Sistemas de Partidos en Am\u00e9rica Latina (GIPSAL) es un grupo de investigaci\u00f3n de la Asociaci\u00f3n Latinoamericana de Ciencia Pol\u00edtica (ALACIP), integrado por profesores, investigadores y estudiantes de posgrado, con la intenci\u00f3n de desarrollar actividades que permitan profundizar en el conocimiento de las elecciones, los partidos pol\u00edticos y los [&hellip;]<\/p>\n","protected":false},"author":1,"featured_media":0,"parent":0,"menu_order":0,"comment_status":"closed","ping_status":"closed","template":"","meta":{"_et_pb_use_builder":"","_et_pb_old_content":"","_et_gb_content_width":"","footnotes":""},"class_list":["post-16","page","type-page","status-publish","hentry"],"_links":{"self":[{"href":"https:\/\/grupos.alacip.org\/gipsal\/wp-json\/wp\/v2\/pages\/16","targetHints":{"allow":["GET"]}}],"collection":[{"href":"https:\/\/grupos.alacip.org\/gipsal\/wp-json\/wp\/v2\/pages"}],"about":[{"href":"https:\/\/grupos.alacip.org\/gipsal\/wp-json\/wp\/v2\/types\/page"}],"author":[{"embeddable":true,"href":"https:\/\/grupos.alacip.org\/gipsal\/wp-json\/wp\/v2\/users\/1"}],"replies":[{"embeddable":true,"href":"https:\/\/grupos.alacip.org\/gipsal\/wp-json\/wp\/v2\/comments?post=16"}],"version-history":[{"count":1,"href":"https:\/\/grupos.alacip.org\/gipsal\/wp-json\/wp\/v2\/pages\/16\/revisions"}],"predecessor-version":[{"id":1410,"href":"https:\/\/grupos.alacip.org\/gipsal\/wp-json\/wp\/v2\/pages\/16\/revisions\/1410"}],"wp:attachment":[{"href":"https:\/\/grupos.alacip.org\/gipsal\/wp-json\/wp\/v2\/media?parent=16"}],"curies":[{"name":"wp","href":"https:\/\/api.w.org\/{rel}","templated":true}]}}