{"id":705,"date":"2022-02-20T00:15:15","date_gmt":"2022-02-20T00:15:15","guid":{"rendered":"https:\/\/gpsites.co\/scribe\/?page_id=124"},"modified":"2023-07-06T16:35:53","modified_gmt":"2023-07-06T16:35:53","slug":"contact","status":"publish","type":"page","link":"https:\/\/grupos.alacip.org\/gippc\/contact\/","title":{"rendered":"Contacto"},"content":{"rendered":"\n<p><strong>Email del grupo: <a href=\"mailto:gippc.alacip@gmail.com\" target=\"_blank\" rel=\"noreferrer noopener\">gippc.alacip@gmail.com<\/a><\/strong><\/p>\n\n\n\n<p><strong>Coordinadores y coordinadoras<\/strong><\/p>\n\n\n\n<div class=\"wp-block-group is-content-justification-center is-layout-constrained wp-block-group-is-layout-constrained\">\n<div style=\"height:20px\" aria-hidden=\"true\" class=\"wp-block-spacer\"><\/div>\n\n\n\n<p><a rel=\"noreferrer noopener\" href=\"https:\/\/cvnet.cpd.ua.es\/curriculum-breve\/es\/romero-tarin-adela\/25126\" target=\"_blank\">Adela Romero Tar\u00edn<\/a>&nbsp;<\/p>\n\n\n\n<p><a href=\"mailto:adelaromerotarin@gmail.com\">adelaromerotarin@gmail.com<\/a><\/p>\n\n\n\n<p>Universidad de Alicante, Espa\u00f1a<\/p>\n<\/div>\n\n\n\n<div style=\"height:38px\" aria-hidden=\"true\" class=\"wp-block-spacer\"><\/div>\n\n\n\n<div class=\"wp-block-group is-content-justification-center is-layout-constrained wp-block-group-is-layout-constrained\">\n<p><a rel=\"noreferrer noopener\" href=\"https:\/\/uba.academia.edu\/NelsonCardozo\" target=\"_blank\">Nelson Cardozo<\/a>&nbsp;<\/p>\n\n\n\n<p><a href=\"mailto:nelson.cardozo@gmail.com\">nelson.cardozo@gmail.com<\/a><\/p>\n\n\n\n<p>Universidad de Buenos Aires (UBA), Argentina<\/p>\n<\/div>\n\n\n\n<div style=\"height:32px\" aria-hidden=\"true\" class=\"wp-block-spacer\"><\/div>\n\n\n\n<div class=\"wp-block-group is-content-justification-center is-layout-constrained wp-block-group-is-layout-constrained\">\n<p><a rel=\"noreferrer noopener\" href=\"http:\/\/cienciassociales.edu.uy\/institutodecienciapolitica\/docente-nicolas-bentancur\/\" target=\"_blank\">Nicol\u00e1s Bentancur<\/a>&nbsp;<\/p>\n\n\n\n<p><a href=\"mailto:nicobent63@gmail.com\">nicobent63@gmail.com<\/a><\/p>\n\n\n\n<p>Universidad de la Rep\u00fablica (UdelaR), Uruguay<\/p>\n\n\n\n<div style=\"height:35px\" aria-hidden=\"true\" class=\"wp-block-spacer\"><\/div>\n<\/div>\n\n\n\n<div class=\"wp-block-group is-content-justification-center is-layout-constrained wp-block-group-is-layout-constrained\">\n<p>&nbsp;<a rel=\"noreferrer noopener\" href=\"http:\/\/msan.unal.edu.co\/andre-noel-roth-deubel\/\" target=\"_blank\">Andr\u00e9-No\u00ebl Roth<\/a>&nbsp;<\/p>\n\n\n\n<p><a href=\"mailto:andrenoel.roth@gmail.com\">andrenoel.roth@gmail.com<\/a><\/p>\n\n\n\n<p>Universidad Nacional de Colombia (UNC), Colombia<\/p>\n<\/div>\n\n\n\n<p><\/p>\n\n\n\n<div style=\"height:100px\" aria-hidden=\"true\" class=\"wp-block-spacer\"><\/div>\n","protected":false},"excerpt":{"rendered":"<p>Email del grupo: gippc.alacip@gmail.com Coordinadores y coordinadoras Adela Romero Tar\u00edn&nbsp; adelaromerotarin@gmail.com Universidad de Alicante, Espa\u00f1a Nelson Cardozo&nbsp; nelson.cardozo@gmail.com Universidad de Buenos Aires (UBA), Argentina Nicol\u00e1s Bentancur&nbsp; nicobent63@gmail.com Universidad de la Rep\u00fablica (UdelaR), Uruguay &nbsp;Andr\u00e9-No\u00ebl Roth&nbsp; andrenoel.roth@gmail.com Universidad Nacional de Colombia (UNC), Colombia<\/p>\n","protected":false},"author":1,"featured_media":0,"parent":0,"menu_order":0,"comment_status":"closed","ping_status":"closed","template":"","meta":{"_et_pb_use_builder":"","_et_pb_old_content":"","_et_gb_content_width":"1080","footnotes":""},"class_list":["post-705","page","type-page","status-publish","hentry"],"_links":{"self":[{"href":"https:\/\/grupos.alacip.org\/gippc\/wp-json\/wp\/v2\/pages\/705","targetHints":{"allow":["GET"]}}],"collection":[{"href":"https:\/\/grupos.alacip.org\/gippc\/wp-json\/wp\/v2\/pages"}],"about":[{"href":"https:\/\/grupos.alacip.org\/gippc\/wp-json\/wp\/v2\/types\/page"}],"author":[{"embeddable":true,"href":"https:\/\/grupos.alacip.org\/gippc\/wp-json\/wp\/v2\/users\/1"}],"replies":[{"embeddable":true,"href":"https:\/\/grupos.alacip.org\/gippc\/wp-json\/wp\/v2\/comments?post=705"}],"version-history":[{"count":4,"href":"https:\/\/grupos.alacip.org\/gippc\/wp-json\/wp\/v2\/pages\/705\/revisions"}],"predecessor-version":[{"id":1367,"href":"https:\/\/grupos.alacip.org\/gippc\/wp-json\/wp\/v2\/pages\/705\/revisions\/1367"}],"wp:attachment":[{"href":"https:\/\/grupos.alacip.org\/gippc\/wp-json\/wp\/v2\/media?parent=705"}],"curies":[{"name":"wp","href":"https:\/\/api.w.org\/{rel}","templated":true}]}}