{"id":16,"date":"2022-02-19T20:41:21","date_gmt":"2022-02-19T20:41:21","guid":{"rendered":"https:\/\/gpsites.co\/scribe\/?page_id=16"},"modified":"2023-07-06T15:57:10","modified_gmt":"2023-07-06T15:57:10","slug":"sobre","status":"publish","type":"page","link":"https:\/\/grupos.alacip.org\/gippc\/sobre\/","title":{"rendered":"Sobre"},"content":{"rendered":"\n<p><strong>OBJETIVOS<\/strong><\/p>\n\n\n\n<p>El&nbsp;<strong>Grupo de Investigaci\u00f3n en Pol\u00edticas P\u00fablicas Comparadas (GIPPC)<\/strong>&nbsp;creado en 2013 tiene como objetivo impulsar el estudio acad\u00e9mico de las pol\u00edticas p\u00fablicas que se desarrollan en los pa\u00edses de Am\u00e9rica Latina y el Caribe, fomentando la cooperaci\u00f3n entre investigadores\/as interesados\/as en el tema y favoreciendo una amplia difusi\u00f3n de los resultados de sus pesquisas.<\/p>\n\n\n\n<p>Sin perjuicio de reconocer las peculiaridades regionales y nacionales privilegia los estudios comparados, procurando explicitar convergencias y divergencias en la formulaci\u00f3n, implementaci\u00f3n y en los impactos de las pol\u00edticas p\u00fablicas. As\u00ed, se procura identificar variables pol\u00edticas y sociales capaces de explicar estas similitudes y diferencias.<\/p>\n\n\n\n<p>Contempla el estudio de un amplio espectro de pol\u00edticas p\u00fablicas sectoriales y transversales, de los enfoques te\u00f3ricos aplicables, y de las metodolog\u00edas disponibles para su investigaci\u00f3n.<\/p>\n\n\n\n<p>Los desarrollos del Grupo se insertan en las discusiones globales contempor\u00e1neas de la sub-disciplina, si bien prestan especial atenci\u00f3n a las tem\u00e1ticas, enfoques y m\u00e9todos de mayor pertinencia acad\u00e9mica e inter\u00e9s social para los pa\u00edses de la regi\u00f3n.&nbsp;&nbsp;&nbsp;<\/p>\n\n\n\n<p><strong>ACTIVIDADES<\/strong><\/p>\n\n\n\n<p>Entre las actividades regulares del GIPPC se hallan:<\/p>\n\n\n\n<ol class=\"wp-block-list\">\n<li>la coordinaci\u00f3n de paneles y de otras actividades en los congresos de la ALACIP;<\/li>\n\n\n\n<li>la organizaci\u00f3n en los periodos entre congresos de seminarios tem\u00e1ticos y simposios del Grupo;<\/li>\n\n\n\n<li>la promoci\u00f3n de mesas, paneles y otras actividades en eventos acad\u00e9micos organizados por instituciones afines;<\/li>\n\n\n\n<li>la coordinaci\u00f3n y edici\u00f3n de libros colectivos y de n\u00famero tem\u00e1ticos de revistas especializadas;<\/li>\n\n\n\n<li>la publicaci\u00f3n de la revista del Grupo \u201cPol\u00edticas P\u00fablicas. Horizontes Latinoamericanos\u201d;<\/li>\n\n\n\n<li>la promoci\u00f3n de redes para el desarrollo de proyectos de investigaci\u00f3n conjuntos;<\/li>\n\n\n\n<li>la difusi\u00f3n y promoci\u00f3n de actividades de sus miembros, por medio de la casilla de correo institucional del Grupo;<\/li>\n\n\n\n<li>la difusi\u00f3n de informaci\u00f3n acad\u00e9mica de inter\u00e9s para sus miembros, realizada por la misma v\u00eda;<\/li>\n\n\n\n<li>la gesti\u00f3n de la p\u00e1gina del Grupo en Facebook; y<\/li>\n\n\n\n<li>la participaci\u00f3n en tareas generales de direcci\u00f3n y gesti\u00f3n de la ALACIP.<\/li>\n<\/ol>\n\n\n\n<p><strong>ORGANIZACI\u00d3N<\/strong><\/p>\n\n\n\n<p>Las actividades del Grupo son gestionadas por un Equipo de Coordinaci\u00f3n integrado por acad\u00e9micos\/as de distintos pa\u00edses, elegidos por el plenario del Grupo en cada congreso de ALACIP.<\/p>\n\n\n\n<p><strong>CONVERTIRSE EN MIEMBRO DEL GIPPC<\/strong><\/p>\n\n\n\n<p>El ingreso al Grupo es completamente libre para todos los\/as profesores\/as, estudiantes de posgrado y\/o investigadores\/as que ense\u00f1en e investiguen en el campo de las Pol\u00edticas P\u00fablicas, con referencia a los pa\u00edses de Am\u00e9rica Latina o a la regi\u00f3n en su conjunto. Se requiere ser miembro de la Asociaci\u00f3n Latinoamericana de Ciencia Pol\u00edtica y hallarse al d\u00eda en el pago de su anualidad.<\/p>\n\n\n\n<p><strong>FORMA DE CONTACTO<\/strong><\/p>\n\n\n\n<p>Mail institucional:&nbsp;<a href=\"mailto:gippc.alacip@gmail.com\">gippc.alacip@gmail.com<\/a><\/p>\n\n\n\n<p><strong>OBJETIVOS<\/strong><\/p>\n\n\n\n<p>O&nbsp;<strong>Grupo de Pesquisa em e Pol\u00edticas P\u00fablicas Comparadas (GIPPC)<\/strong>, criado em 2013, procura promover o estudo acad\u00eamico das pol\u00edticas p\u00fablicas desenvolvidas nos pa\u00edses da Am\u00e9rica Latina e Caribe, impulsando a coopera\u00e7\u00e3o entre pesquisadores\/as interessados\/as e uma ampla divulga\u00e7\u00e3o dos resultados de suas pesquisas.<\/p>\n\n\n\n<p>Sem preju\u00edzo de reconhecer peculiaridades regionais e nacionais, favorece estudos comparativos, tentando explicar converg\u00eancias e diverg\u00eancias na formula\u00e7\u00e3o, implementa\u00e7\u00e3o e impactos das pol\u00edticas p\u00fablicas. Assim, procura identificar vari\u00e1veis pol\u00edticas e sociais capazes de explicar estas semelhan\u00e7as e diferen\u00e7as.<\/p>\n\n\n\n<p>Contempla o estudo de um espectro amplo de pol\u00edticas p\u00fablicas setoriais e transversais, das abordagens te\u00f3ricas aplic\u00e1veis e das metodologias dispon\u00edveis para suas pesquisas.<\/p>\n\n\n\n<p>Os desenvolvimentos do Grupo est\u00e3o inseridos nas discuss\u00f5es globais contempor\u00e2neas da sub-disciplina, ao mesmo tempo, em que se d\u00e1 especial aten\u00e7\u00e3o aos temas, abordagens e m\u00e9todos de maior relev\u00e2ncia acad\u00eamica e interesse social para os pa\u00edses da regi\u00e3o.&nbsp;&nbsp;&nbsp;<\/p>\n\n\n\n<p><strong>ATIVIDADES<\/strong><\/p>\n\n\n\n<p>Entre as atividades regulares do GIPPC est\u00e3o<\/p>\n\n\n\n<ol class=\"wp-block-list\">\n<li>Coordena\u00e7\u00e3o de pain\u00e9is e outras atividades nos congressos da ALACIP;<\/li>\n\n\n\n<li>a organiza\u00e7\u00e3o de semin\u00e1rios e simp\u00f3sios tem\u00e1ticos do Grupo nos per\u00edodos entre congressos;<\/li>\n\n\n\n<li>a promo\u00e7\u00e3o de mesas redondas, pain\u00e9is e outras atividades em eventos acad\u00eamicos organizados por institui\u00e7\u00f5es relacionadas;<\/li>\n\n\n\n<li>a coordena\u00e7\u00e3o e edi\u00e7\u00e3o de livros coletivos e edi\u00e7\u00f5es tem\u00e1ticas de peri\u00f3dicos especializados;<\/li>\n\n\n\n<li>a publica\u00e7\u00e3o da revista do Grupo\u00bbPol\u00edticas P\u00fablicas. Horizontes Latino-americanos\u00bb;<\/li>\n\n\n\n<li>a promo\u00e7\u00e3o de redes para o desenvolvimento de projetos de pesquisa conjunta;<\/li>\n\n\n\n<li>a divulga\u00e7\u00e3o e promo\u00e7\u00e3o das atividades de seus membros, atrav\u00e9s da caixa de e-mail institucional do Grupo;<\/li>\n\n\n\n<li>a divulga\u00e7\u00e3o de informa\u00e7\u00f5es acad\u00eamicas de interesse para seus membros, realizada pelos mesmos meios;<\/li>\n\n\n\n<li>a gest\u00e3o da p\u00e1gina do Grupo no Facebook; e<\/li>\n\n\n\n<li>participa\u00e7\u00e3o em tarefas gerais de dire\u00e7\u00e3o e gest\u00e3o da ALACIP.<\/li>\n<\/ol>\n\n\n\n<p><strong>ORGANIZA\u00c7\u00c3O<\/strong><\/p>\n\n\n\n<p>As atividades do Grupo s\u00e3o gerenciadas por uma Equipe de Coordena\u00e7\u00e3o composta por acad\u00eamicos de diferentes pa\u00edses, eleitos pelo plen\u00e1rio do Grupo em cada congresso da ALACIP.<\/p>\n\n\n\n<p><strong>TORNAR-SE UM MEMBRO DO GIPPC<\/strong><\/p>\n\n\n\n<p>A admiss\u00e3o no Grupo \u00e9 totalmente gratuita para todos os professores, estudantes de p\u00f3s-gradua\u00e7\u00e3o e\/ou pesquisadores que ensinam e pesquisam no campo das Pol\u00edticas P\u00fablicas, com refer\u00eancia aos pa\u00edses latino-americanos ou \u00e0 regi\u00e3o como um todo. \u00c9 necess\u00e1rio ser membro da Associa\u00e7\u00e3o Latino-Americana de Ci\u00eancia Pol\u00edtica e estar em dia com o pagamento da taxa anual.<\/p>\n\n\n\n<p><\/p>\n\n\n\n<div style=\"height:100px\" aria-hidden=\"true\" class=\"wp-block-spacer\"><\/div>\n","protected":false},"excerpt":{"rendered":"<p>OBJETIVOS El&nbsp;Grupo de Investigaci\u00f3n en Pol\u00edticas P\u00fablicas Comparadas (GIPPC)&nbsp;creado en 2013 tiene como objetivo impulsar el estudio acad\u00e9mico de las pol\u00edticas p\u00fablicas que se desarrollan en los pa\u00edses de Am\u00e9rica Latina y el Caribe, fomentando la cooperaci\u00f3n entre investigadores\/as interesados\/as en el tema y favoreciendo una amplia difusi\u00f3n de los resultados de sus pesquisas. Sin [&hellip;]<\/p>\n","protected":false},"author":1,"featured_media":0,"parent":0,"menu_order":0,"comment_status":"closed","ping_status":"closed","template":"","meta":{"_et_pb_use_builder":"","_et_pb_old_content":"","_et_gb_content_width":"","footnotes":""},"class_list":["post-16","page","type-page","status-publish","hentry"],"_links":{"self":[{"href":"https:\/\/grupos.alacip.org\/gippc\/wp-json\/wp\/v2\/pages\/16","targetHints":{"allow":["GET"]}}],"collection":[{"href":"https:\/\/grupos.alacip.org\/gippc\/wp-json\/wp\/v2\/pages"}],"about":[{"href":"https:\/\/grupos.alacip.org\/gippc\/wp-json\/wp\/v2\/types\/page"}],"author":[{"embeddable":true,"href":"https:\/\/grupos.alacip.org\/gippc\/wp-json\/wp\/v2\/users\/1"}],"replies":[{"embeddable":true,"href":"https:\/\/grupos.alacip.org\/gippc\/wp-json\/wp\/v2\/comments?post=16"}],"version-history":[{"count":1,"href":"https:\/\/grupos.alacip.org\/gippc\/wp-json\/wp\/v2\/pages\/16\/revisions"}],"predecessor-version":[{"id":1358,"href":"https:\/\/grupos.alacip.org\/gippc\/wp-json\/wp\/v2\/pages\/16\/revisions\/1358"}],"wp:attachment":[{"href":"https:\/\/grupos.alacip.org\/gippc\/wp-json\/wp\/v2\/media?parent=16"}],"curies":[{"name":"wp","href":"https:\/\/api.w.org\/{rel}","templated":true}]}}