{"id":1057,"date":"2022-11-03T19:54:16","date_gmt":"2022-11-03T19:54:16","guid":{"rendered":"https:\/\/grupos.alacip.org\/espacio\/?page_id=1057"},"modified":"2023-05-04T14:30:11","modified_gmt":"2023-05-04T14:30:11","slug":"agenda-investigacion","status":"publish","type":"page","link":"https:\/\/grupos.alacip.org\/gieid\/agenda-investigacion\/","title":{"rendered":"Agenda de Investigaci\u00f3n"},"content":{"rendered":"\n<ul class=\"wp-block-list\">\n<li>Capacidades Estatales y Pol\u00edticas P\u00fablicas;<\/li>\n\n\n\n<li>Econom\u00eda y Pol\u00edtica: abordajes te\u00f3ricos y metodol\u00f3gicos;<\/li>\n\n\n\n<li>Empresa, Empresarios y Desarrollo;<\/li>\n\n\n\n<li>Estado del arte de la econom\u00eda pol\u00edtica comparada;<\/li>\n\n\n\n<li>Geopol\u00edtica y Desarrollo;<\/li>\n\n\n\n<li>Planificaci\u00f3n y Capacidades Estatales;<\/li>\n\n\n\n<li>Pol\u00edticas Sociales y Desarrollo;<\/li>\n\n\n\n<li>Variedades del Capitalismo: vigencia y debates de un paradigma.<\/li>\n<\/ul>\n","protected":false},"excerpt":{"rendered":"","protected":false},"author":1,"featured_media":0,"parent":0,"menu_order":0,"comment_status":"closed","ping_status":"closed","template":"","meta":{"_et_pb_use_builder":"off","_et_pb_old_content":"","_et_gb_content_width":"","footnotes":""},"class_list":["post-1057","page","type-page","status-publish","hentry"],"_links":{"self":[{"href":"https:\/\/grupos.alacip.org\/gieid\/wp-json\/wp\/v2\/pages\/1057","targetHints":{"allow":["GET"]}}],"collection":[{"href":"https:\/\/grupos.alacip.org\/gieid\/wp-json\/wp\/v2\/pages"}],"about":[{"href":"https:\/\/grupos.alacip.org\/gieid\/wp-json\/wp\/v2\/types\/page"}],"author":[{"embeddable":true,"href":"https:\/\/grupos.alacip.org\/gieid\/wp-json\/wp\/v2\/users\/1"}],"replies":[{"embeddable":true,"href":"https:\/\/grupos.alacip.org\/gieid\/wp-json\/wp\/v2\/comments?post=1057"}],"version-history":[{"count":1,"href":"https:\/\/grupos.alacip.org\/gieid\/wp-json\/wp\/v2\/pages\/1057\/revisions"}],"predecessor-version":[{"id":1494,"href":"https:\/\/grupos.alacip.org\/gieid\/wp-json\/wp\/v2\/pages\/1057\/revisions\/1494"}],"wp:attachment":[{"href":"https:\/\/grupos.alacip.org\/gieid\/wp-json\/wp\/v2\/media?parent=1057"}],"curies":[{"name":"wp","href":"https:\/\/api.w.org\/{rel}","templated":true}]}}