{"id":705,"date":"2022-02-20T00:15:15","date_gmt":"2022-02-20T00:15:15","guid":{"rendered":"https:\/\/gpsites.co\/scribe\/?page_id=124"},"modified":"2025-03-19T18:22:38","modified_gmt":"2025-03-19T18:22:38","slug":"contact","status":"publish","type":"page","link":"https:\/\/grupos.alacip.org\/elites\/contact\/","title":{"rendered":"Contacto"},"content":{"rendered":"<p>[et_pb_section fb_built=\u00bb1&#8243; _builder_version=\u00bb4.27.3&#8243; global_colors_info=\u00bb{}\u00bb][et_pb_row _builder_version=\u00bb4.16&#8243; background_size=\u00bbinitial\u00bb background_position=\u00bbtop_left\u00bb background_repeat=\u00bbrepeat\u00bb global_colors_info=\u00bb{}\u00bb][et_pb_column type=\u00bb4_4&#8243; _builder_version=\u00bb4.16&#8243; custom_padding=\u00bb|||\u00bb global_colors_info=\u00bb{}\u00bb custom_padding__hover=\u00bb|||\u00bb][et_pb_text _builder_version=\u00bb4.16&#8243; background_size=\u00bbinitial\u00bb background_position=\u00bbtop_left\u00bb background_repeat=\u00bbrepeat\u00bb global_colors_info=\u00bb{}\u00bb]<\/p>\n<p>&nbsp;<\/p>\n<p><!-- divi:paragraph --><\/p>\n<p><strong>Coordinadoras y coordinadores:<\/strong><\/p>\n<p><!-- \/divi:paragraph --><!-- divi:group {\"layout\":{\"type\":\"constrained\",\"justifyContent\":\"center\"}} --><\/p>\n<div class=\"wp-block-group\"><!-- divi:paragraph --><!-- \/divi:paragraph --><!-- divi:media-text {\"align\":\"wide\",\"mediaId\":1422,\"mediaType\":\"image\",\"mediaWidth\":18} --><\/p>\n<div class=\"wp-block-media-text alignwide is-stacked-on-mobile\" style=\"grid-template-columns: 18% auto\">\n<figure class=\"wp-block-media-text__media\"><img loading=\"lazy\" decoding=\"async\" src=\"https:\/\/grupos.alacip.org\/elites\/wp-content\/uploads\/sites\/15\/2023\/05\/monica-foto-canal-44-1024x768.jpeg\" alt=\"\" class=\"wp-image-1422 size-full\" width=\"201\" height=\"151\" \/><\/figure>\n<div class=\"wp-block-media-text__content\"><!-- divi:paragraph {\"align\":\"center\"} --><\/p>\n<p class=\"has-text-align-center\"><a rel=\"noreferrer noopener\" href=\"https:\/\/www.nosinmujeres.com\/politologas\/1799\/monica-montano-reyes\/\" target=\"_blank\">M\u00f3nica Monta\u00f1o<\/a><\/p>\n<p><!-- \/divi:paragraph --><!-- divi:paragraph {\"align\":\"center\"} --><\/p>\n<p class=\"has-text-align-center\"><a rel=\"noreferrer noopener\" href=\"mailto:monica.montano@academicos.udg.mx\" target=\"_blank\">monica.montano@academicos.udg.mx<\/a><\/p>\n<p><!-- \/divi:paragraph --><!-- divi:paragraph {\"align\":\"center\"} --><\/p>\n<p class=\"has-text-align-center\">Universidad de Guadalajara, M\u00e9xico<\/p>\n<p><!-- \/divi:paragraph --><\/div>\n<\/div>\n<p><!-- \/divi:media-text --><\/div>\n<p><!-- \/divi:group --><!-- divi:group {\"layout\":{\"type\":\"constrained\",\"justifyContent\":\"center\"}} --><\/p>\n<div class=\"wp-block-group\"><!-- divi:media-text {\"align\":\"wide\",\"mediaId\":1440,\"mediaType\":\"image\",\"mediaWidth\":16} --><\/p>\n<div class=\"wp-block-media-text alignwide is-stacked-on-mobile\" style=\"grid-template-columns: 16% auto\">\n<figure class=\"wp-block-media-text__media\"><img loading=\"lazy\" decoding=\"async\" src=\"https:\/\/grupos.alacip.org\/elites\/wp-content\/uploads\/sites\/15\/2023\/05\/Fotoajustada.jpg\" alt=\"\" class=\"wp-image-1440 size-full\" width=\"212\" height=\"185\" \/><\/figure>\n<div class=\"wp-block-media-text__content\"><!-- divi:paragraph {\"align\":\"center\"} --><\/p>\n<p class=\"has-text-align-center\"><a href=\"https:\/\/cienciassociales.edu.uy\/departamentos\/departamento-de-sociologia\/equipo-docente\/miguel-serna-2\/\" target=\"_blank\" rel=\"noreferrer noopener\">Miguel Serna<\/a><\/p>\n<p><!-- \/divi:paragraph --><!-- divi:paragraph {\"align\":\"center\"} --><\/p>\n<p class=\"has-text-align-center\"><a href=\"mailto:miguel.serna@cienciassociales.edu.uy\" target=\"_blank\" rel=\"noreferrer noopener\">miguel.serna@cienciassociales.edu.uy<\/a><\/p>\n<p><!-- \/divi:paragraph --><!-- divi:paragraph {\"align\":\"center\"} --><\/p>\n<p class=\"has-text-align-center\">Universidad de la Rep\u00fablica, Uruguay<\/p>\n<p><!-- \/divi:paragraph --><\/div>\n<\/div>\n<p><!-- \/divi:media-text --><\/div>\n<p><!-- \/divi:group --><!-- divi:group {\"layout\":{\"type\":\"constrained\",\"justifyContent\":\"center\"}} --><\/p>\n<div class=\"wp-block-group\"><!-- divi:image {\"id\":1518,\"sizeSlug\":\"full\",\"linkDestination\":\"none\",\"align\":\"left\"} --><!-- \/divi:image --><!-- divi:paragraph --><!-- \/divi:paragraph --><!-- divi:paragraph {\"align\":\"center\"} --><\/p>\n<p class=\"has-text-align-center\">\n<p class=\"has-text-align-center\">\n<p class=\"has-text-align-center\">\n<p class=\"has-text-align-center\">\n<p class=\"has-text-align-center\">\n<figure class=\"wp-block-image alignleft size-full\"><img loading=\"lazy\" decoding=\"async\" width=\"180\" height=\"180\" src=\"https:\/\/grupos.alacip.org\/elites\/wp-content\/uploads\/sites\/15\/2025\/03\/paulo-1.jpg\" alt=\"\" class=\"wp-image-1518\" srcset=\"https:\/\/grupos.alacip.org\/elites\/wp-content\/uploads\/sites\/15\/2025\/03\/paulo-1.jpg 180w, https:\/\/grupos.alacip.org\/elites\/wp-content\/uploads\/sites\/15\/2025\/03\/paulo-1-150x150.jpg 150w\" sizes=\"(max-width: 180px) 100vw, 180px\" \/><\/figure>\n<p class=\"has-text-align-center\">\n<p class=\"has-text-align-center\">\n<p class=\"has-text-align-center\">\n<p class=\"has-text-align-center\">\n<p class=\"has-text-align-center\"><a href=\"http:\/\/www.iea.usp.br\/pessoas\/pasta-pessoap\/paulo-roberto-neves-costa\" target=\"_blank\" rel=\"noreferrer noopener\">Paulo Roberto Neves Costa<\/a><\/p>\n<p><!-- \/divi:paragraph --><!-- divi:paragraph {\"align\":\"center\"} --><\/p>\n<p class=\"has-text-align-center\"><a href=\"mailto:Bhcampos13@gmail.com\" target=\"_blank\" rel=\"noreferrer noopener\"><\/a><a href=\"mailto:paulocosta@gmail.com\" target=\"_blank\" rel=\"noreferrer noopener\">paulocostaufpr@gmail.com<\/a><\/p>\n<p><!-- \/divi:paragraph --><!-- divi:paragraph {\"align\":\"center\"} --><\/p>\n<p class=\"has-text-align-center\">Universidade Federal do Paran\u00e1, Brazil<\/p>\n<p><!-- \/divi:paragraph --><\/div>\n<p><!-- \/divi:group --><!-- divi:separator {\"className\":\"is-style-dots\"} --><\/p>\n<p>&nbsp;<\/p>\n<hr class=\"wp-block-separator has-alpha-channel-opacity is-style-dots\" \/><!-- \/divi:separator --><!-- divi:paragraph --><!-- \/divi:paragraph --><!-- divi:paragraph --><!-- \/divi:paragraph -->[\/et_pb_text][\/et_pb_column][\/et_pb_row][\/et_pb_section]<\/p>\n","protected":false},"excerpt":{"rendered":"<p>Estamos aqu\u00ed para escuchar tus inquietudes y colaboraciones. No dudes en ponerte en contacto con nosotros para compartir tus ideas y proyectos relacionados con la investigaci\u00f3n en Am\u00e9rica Latina. Juntos podemos fortalecer el conocimiento y la comunidad acad\u00e9mica.<\/p>\n","protected":false},"author":1,"featured_media":1557,"parent":0,"menu_order":0,"comment_status":"closed","ping_status":"closed","template":"","meta":{"_et_pb_use_builder":"on","_et_pb_old_content":"<!-- wp:paragraph -->\n<p><strong>Coordinadoras y coordinadores:<\/strong><\/p>\n<!-- \/wp:paragraph -->\n\n<!-- wp:group {\"layout\":{\"type\":\"constrained\",\"justifyContent\":\"center\"}} -->\n<div class=\"wp-block-group\"><!-- wp:paragraph -->\n<p><\/p>\n<!-- \/wp:paragraph -->\n\n<!-- wp:media-text {\"align\":\"wide\",\"mediaId\":1422,\"mediaType\":\"image\",\"mediaWidth\":18} -->\n<div class=\"wp-block-media-text alignwide is-stacked-on-mobile\" style=\"grid-template-columns:18% auto\"><figure class=\"wp-block-media-text__media\"><img src=\"https:\/\/grupos.alacip.org\/elites\/wp-content\/uploads\/sites\/15\/2023\/05\/monica-foto-canal-44-1024x768.jpeg\" alt=\"\" class=\"wp-image-1422 size-full\"\/><\/figure><div class=\"wp-block-media-text__content\"><!-- wp:paragraph {\"align\":\"center\"} -->\n<p class=\"has-text-align-center\"><a rel=\"noreferrer noopener\" href=\"https:\/\/www.nosinmujeres.com\/politologas\/1799\/monica-montano-reyes\/\" target=\"_blank\">M\u00f3nica Monta\u00f1o<\/a><\/p>\n<!-- \/wp:paragraph -->\n\n<!-- wp:paragraph {\"align\":\"center\"} -->\n<p class=\"has-text-align-center\"><a rel=\"noreferrer noopener\" href=\"mailto:monica.montano@academicos.udg.mx\" target=\"_blank\">monica.montano@academicos.udg.mx<\/a><\/p>\n<!-- \/wp:paragraph -->\n\n<!-- wp:paragraph {\"align\":\"center\"} -->\n<p class=\"has-text-align-center\">Universidad de Guadalajara, M\u00e9xico<\/p>\n<!-- \/wp:paragraph --><\/div><\/div>\n<!-- \/wp:media-text --><\/div>\n<!-- \/wp:group -->\n\n<!-- wp:group {\"layout\":{\"type\":\"constrained\",\"justifyContent\":\"center\"}} -->\n<div class=\"wp-block-group\"><!-- wp:media-text {\"align\":\"wide\",\"mediaId\":1440,\"mediaType\":\"image\",\"mediaWidth\":16} -->\n<div class=\"wp-block-media-text alignwide is-stacked-on-mobile\" style=\"grid-template-columns:16% auto\"><figure class=\"wp-block-media-text__media\"><img src=\"https:\/\/grupos.alacip.org\/elites\/wp-content\/uploads\/sites\/15\/2023\/05\/Fotoajustada.jpg\" alt=\"\" class=\"wp-image-1440 size-full\"\/><\/figure><div class=\"wp-block-media-text__content\"><!-- wp:paragraph {\"align\":\"center\"} -->\n<p class=\"has-text-align-center\"><a href=\"https:\/\/cienciassociales.edu.uy\/departamentos\/departamento-de-sociologia\/equipo-docente\/miguel-serna-2\/\" target=\"_blank\" rel=\"noreferrer noopener\">Miguel Serna<\/a><\/p>\n<!-- \/wp:paragraph -->\n\n<!-- wp:paragraph {\"align\":\"center\"} -->\n<p class=\"has-text-align-center\"><a href=\"mailto:miguel.serna@cienciassociales.edu.uy\" target=\"_blank\" rel=\"noreferrer noopener\">miguel.serna@cienciassociales.edu.uy<\/a><\/p>\n<!-- \/wp:paragraph -->\n\n<!-- wp:paragraph {\"align\":\"center\"} -->\n<p class=\"has-text-align-center\">Universidad de la Rep\u00fablica, Uruguay<\/p>\n<!-- \/wp:paragraph --><\/div><\/div>\n<!-- \/wp:media-text --><\/div>\n<!-- \/wp:group -->\n\n<!-- wp:group {\"layout\":{\"type\":\"constrained\",\"justifyContent\":\"center\"}} -->\n<div class=\"wp-block-group\"><!-- wp:image {\"id\":1518,\"sizeSlug\":\"full\",\"linkDestination\":\"none\",\"align\":\"left\"} -->\n<figure class=\"wp-block-image alignleft size-full\"><img src=\"https:\/\/grupos.alacip.org\/elites\/wp-content\/uploads\/sites\/15\/2025\/03\/paulo-1.jpg\" alt=\"\" class=\"wp-image-1518\"\/><\/figure>\n<!-- \/wp:image -->\n\n<!-- wp:paragraph -->\n<p><\/p>\n<!-- \/wp:paragraph -->\n\n<!-- wp:paragraph {\"align\":\"center\"} -->\n<p class=\"has-text-align-center\"><a href=\"http:\/\/www.iea.usp.br\/pessoas\/pasta-pessoap\/paulo-roberto-neves-costa\" target=\"_blank\" rel=\"noreferrer noopener\">Paulo Roberto Neves Costa<\/a> <\/p>\n<!-- \/wp:paragraph -->\n\n<!-- wp:paragraph {\"align\":\"center\"} -->\n<p class=\"has-text-align-center\"><a href=\"mailto:Bhcampos13@gmail.com\" target=\"_blank\" rel=\"noreferrer noopener\"><a href=\"mailto:paulocosta@gmail.com\" target=\"_blank\" rel=\"noreferrer noopener\">paulocostaufpr@gmail.com<\/a><\/a><\/p>\n<!-- \/wp:paragraph -->\n\n<!-- wp:paragraph {\"align\":\"center\"} -->\n<p class=\"has-text-align-center\">Universidade Federal do Paran\u00e1<\/p>\n<!-- \/wp:paragraph --><\/div>\n<!-- \/wp:group -->\n\n<!-- wp:separator {\"className\":\"is-style-dots\"} -->\n<hr class=\"wp-block-separator has-alpha-channel-opacity is-style-dots\"\/>\n<!-- \/wp:separator -->\n\n<!-- wp:paragraph -->\n<p><\/p>\n<!-- \/wp:paragraph -->\n\n<!-- wp:paragraph -->\n<p><\/p>\n<!-- \/wp:paragraph -->","_et_gb_content_width":"1080","footnotes":""},"class_list":["post-705","page","type-page","status-publish","has-post-thumbnail","hentry"],"_links":{"self":[{"href":"https:\/\/grupos.alacip.org\/elites\/wp-json\/wp\/v2\/pages\/705","targetHints":{"allow":["GET"]}}],"collection":[{"href":"https:\/\/grupos.alacip.org\/elites\/wp-json\/wp\/v2\/pages"}],"about":[{"href":"https:\/\/grupos.alacip.org\/elites\/wp-json\/wp\/v2\/types\/page"}],"author":[{"embeddable":true,"href":"https:\/\/grupos.alacip.org\/elites\/wp-json\/wp\/v2\/users\/1"}],"replies":[{"embeddable":true,"href":"https:\/\/grupos.alacip.org\/elites\/wp-json\/wp\/v2\/comments?post=705"}],"version-history":[{"count":13,"href":"https:\/\/grupos.alacip.org\/elites\/wp-json\/wp\/v2\/pages\/705\/revisions"}],"predecessor-version":[{"id":1559,"href":"https:\/\/grupos.alacip.org\/elites\/wp-json\/wp\/v2\/pages\/705\/revisions\/1559"}],"wp:featuredmedia":[{"embeddable":true,"href":"https:\/\/grupos.alacip.org\/elites\/wp-json\/wp\/v2\/media\/1557"}],"wp:attachment":[{"href":"https:\/\/grupos.alacip.org\/elites\/wp-json\/wp\/v2\/media?parent=705"}],"curies":[{"name":"wp","href":"https:\/\/api.w.org\/{rel}","templated":true}]}}