{"id":1057,"date":"2022-11-03T19:54:16","date_gmt":"2022-11-03T19:54:16","guid":{"rendered":"https:\/\/grupos.alacip.org\/espacio\/?page_id=1057"},"modified":"2023-05-11T14:25:56","modified_gmt":"2023-05-11T14:25:56","slug":"agenda-investigacion","status":"publish","type":"page","link":"https:\/\/grupos.alacip.org\/dalc\/agenda-investigacion\/","title":{"rendered":"Agenda de Investigaci\u00f3n"},"content":{"rendered":"\n<p>El grupo Democratizaci\u00f3n de Am\u00e9rica Latina en Perspectiva Comparada (DALC) prioriza el m\u00e9todo comparado, sin eliminar la posibilidad de estudios de caso, y el an\u00e1lisis del panorama de la democratizaci\u00f3n en los pa\u00edses de la regi\u00f3n en sus m\u00faltiples dimensiones. Bajo este marco general, son bienvenidos al grupo abordajes sobre temas y escenarios diversos en la pol\u00edtica latinoamericana.<\/p>\n","protected":false},"excerpt":{"rendered":"<p>El grupo Democratizaci\u00f3n de Am\u00e9rica Latina en Perspectiva Comparada (DALC) prioriza el m\u00e9todo comparado, sin eliminar la posibilidad de estudios de caso, y el an\u00e1lisis del panorama de la democratizaci\u00f3n en los pa\u00edses de la regi\u00f3n en sus m\u00faltiples dimensiones. Bajo este marco general, son bienvenidos al grupo abordajes sobre temas y escenarios diversos en [&hellip;]<\/p>\n","protected":false},"author":1,"featured_media":0,"parent":0,"menu_order":0,"comment_status":"closed","ping_status":"closed","template":"","meta":{"_et_pb_use_builder":"off","_et_pb_old_content":"","_et_gb_content_width":"","footnotes":""},"class_list":["post-1057","page","type-page","status-publish","hentry"],"_links":{"self":[{"href":"https:\/\/grupos.alacip.org\/dalc\/wp-json\/wp\/v2\/pages\/1057","targetHints":{"allow":["GET"]}}],"collection":[{"href":"https:\/\/grupos.alacip.org\/dalc\/wp-json\/wp\/v2\/pages"}],"about":[{"href":"https:\/\/grupos.alacip.org\/dalc\/wp-json\/wp\/v2\/types\/page"}],"author":[{"embeddable":true,"href":"https:\/\/grupos.alacip.org\/dalc\/wp-json\/wp\/v2\/users\/1"}],"replies":[{"embeddable":true,"href":"https:\/\/grupos.alacip.org\/dalc\/wp-json\/wp\/v2\/comments?post=1057"}],"version-history":[{"count":2,"href":"https:\/\/grupos.alacip.org\/dalc\/wp-json\/wp\/v2\/pages\/1057\/revisions"}],"predecessor-version":[{"id":1425,"href":"https:\/\/grupos.alacip.org\/dalc\/wp-json\/wp\/v2\/pages\/1057\/revisions\/1425"}],"wp:attachment":[{"href":"https:\/\/grupos.alacip.org\/dalc\/wp-json\/wp\/v2\/media?parent=1057"}],"curies":[{"name":"wp","href":"https:\/\/api.w.org\/{rel}","templated":true}]}}